{"id":974,"date":"2024-03-26T11:10:15","date_gmt":"2024-03-26T11:10:15","guid":{"rendered":"https:\/\/galleriskart.is\/?post_type=product&#038;p=974"},"modified":"2024-03-26T11:12:50","modified_gmt":"2024-03-26T11:12:50","slug":"vn-217-hrafntinna-halsmen","status":"publish","type":"product","link":"https:\/\/galleriskart.is\/pl\/product\/vn-217-hrafntinna-halsmen\/","title":{"rendered":"Naszyjnik z obsydianu Vn 217"},"content":{"rendered":"<p><span>Kamie\u0144 uczciwo\u015bci i prawdy, promuje szczero\u015b\u0107. Wywo\u0142uje ducha rywalizacji i odpycha negatywne nastawienie. Ochrona przed atakami energetycznymi\/prze\u015bladowaniami i pomaga pokona\u0107 obsesje.<\/span><\/p>","protected":false},"excerpt":{"rendered":"<p>Kamie\u0144 uczciwo\u015bci i prawdy, promuje szczero\u015b\u0107. Wywo\u0142uje ducha rywalizacji i odpycha negatywne nastawienie. Ochrona przed atakami energetycznymi\/prze\u015bladowaniami i pomaga pokona\u0107 obsesje.<\/p>","protected":false},"featured_media":1034,"template":"","meta":[],"product_brand":[],"product_cat":[47],"product_tag":[],"class_list":{"0":"post-974","1":"product","2":"type-product","3":"status-publish","4":"has-post-thumbnail","6":"product_cat-skartgripir","8":"first","9":"instock","10":"taxable","11":"shipping-taxable","12":"purchasable","13":"product-type-simple"},"_links":{"self":[{"href":"https:\/\/galleriskart.is\/pl\/wp-json\/wp\/v2\/product\/974","targetHints":{"allow":["GET"]}}],"collection":[{"href":"https:\/\/galleriskart.is\/pl\/wp-json\/wp\/v2\/product"}],"about":[{"href":"https:\/\/galleriskart.is\/pl\/wp-json\/wp\/v2\/types\/product"}],"wp:featuredmedia":[{"embeddable":true,"href":"https:\/\/galleriskart.is\/pl\/wp-json\/wp\/v2\/media\/1034"}],"wp:attachment":[{"href":"https:\/\/galleriskart.is\/pl\/wp-json\/wp\/v2\/media?parent=974"}],"wp:term":[{"taxonomy":"product_brand","embeddable":true,"href":"https:\/\/galleriskart.is\/pl\/wp-json\/wp\/v2\/product_brand?post=974"},{"taxonomy":"product_cat","embeddable":true,"href":"https:\/\/galleriskart.is\/pl\/wp-json\/wp\/v2\/product_cat?post=974"},{"taxonomy":"product_tag","embeddable":true,"href":"https:\/\/galleriskart.is\/pl\/wp-json\/wp\/v2\/product_tag?post=974"}],"curies":[{"name":"wp","href":"https:\/\/api.w.org\/{rel}","templated":true}]}}