{"id":823,"date":"2024-03-26T11:02:44","date_gmt":"2024-03-26T11:02:44","guid":{"rendered":"https:\/\/galleriskart.is\/?post_type=product&#038;p=823"},"modified":"2025-01-07T16:41:01","modified_gmt":"2025-01-07T16:41:01","slug":"vn-155-halsmen-lifsins-tre-med-ametist-og-aventurin-orkusteinum","status":"publish","type":"product","link":"https:\/\/galleriskart.is\/pl\/product\/vn-155-halsmen-lifsins-tre-med-ametist-og-aventurin-orkusteinum\/","title":{"rendered":"Vn 155. Naszyjnik drzewo \u017cycia z ametystem i awenturynem kamieniami energetycznymi"},"content":{"rendered":"<p>Zaprojektowane przez Binn\u0119<\/p>\n<p>Ametyst <span style=\"font-family\">Dzia\u0142a na stres, jest bardzo silny i ochronny. Poprawia pami\u0119\u0107 i \u0142agodzi smutek. Dobrze trzyma\u0107 na nocnym stoliku na bezsenno\u015b\u0107 i dla tych, kt\u00f3rzy s\u0105 przyt\u0142oczeni my\u015blami.<\/span><\/p>","protected":false},"excerpt":{"rendered":"<p>Zaprojektowany przez binn\u0119 Amethyst Dzia\u0142a na stres, jest bardzo silny i ochronny. Poprawia pami\u0119\u0107 i \u0142agodzi smutek. Dobrze trzyma\u0107 na nocnym stoliku na bezsenno\u015b\u0107 i dla tych, kt\u00f3rzy s\u0105 przyt\u0142oczeni my\u015blami.<\/p>","protected":false},"featured_media":898,"template":"","meta":[],"product_brand":[],"product_cat":[57,47],"product_tag":[],"class_list":{"0":"post-823","1":"product","2":"type-product","3":"status-publish","4":"has-post-thumbnail","6":"product_cat-draumafangarar","7":"product_cat-skartgripir","9":"first","10":"instock","11":"taxable","12":"shipping-taxable","13":"purchasable","14":"product-type-simple"},"_links":{"self":[{"href":"https:\/\/galleriskart.is\/pl\/wp-json\/wp\/v2\/product\/823","targetHints":{"allow":["GET"]}}],"collection":[{"href":"https:\/\/galleriskart.is\/pl\/wp-json\/wp\/v2\/product"}],"about":[{"href":"https:\/\/galleriskart.is\/pl\/wp-json\/wp\/v2\/types\/product"}],"wp:featuredmedia":[{"embeddable":true,"href":"https:\/\/galleriskart.is\/pl\/wp-json\/wp\/v2\/media\/898"}],"wp:attachment":[{"href":"https:\/\/galleriskart.is\/pl\/wp-json\/wp\/v2\/media?parent=823"}],"wp:term":[{"taxonomy":"product_brand","embeddable":true,"href":"https:\/\/galleriskart.is\/pl\/wp-json\/wp\/v2\/product_brand?post=823"},{"taxonomy":"product_cat","embeddable":true,"href":"https:\/\/galleriskart.is\/pl\/wp-json\/wp\/v2\/product_cat?post=823"},{"taxonomy":"product_tag","embeddable":true,"href":"https:\/\/galleriskart.is\/pl\/wp-json\/wp\/v2\/product_tag?post=823"}],"curies":[{"name":"wp","href":"https:\/\/api.w.org\/{rel}","templated":true}]}}