{"id":822,"date":"2024-03-26T11:02:44","date_gmt":"2024-03-26T11:02:44","guid":{"rendered":"https:\/\/galleriskart.is\/?post_type=product&#038;p=822"},"modified":"2025-01-07T16:44:53","modified_gmt":"2025-01-07T16:44:53","slug":"vn-189-halsmen-lifsins-tre-med-natturusteinum-litid","status":"publish","type":"product","link":"https:\/\/galleriskart.is\/pl\/product\/vn-189-halsmen-lifsins-tre-med-natturusteinum-litid\/","title":{"rendered":"Vn 189. Naszyjnik drzewo \u017cycia z kamieniami naturalnymi ma\u0142y"},"content":{"rendered":"<p>Materia\u0142 stal<\/p>\n<p>Zaprojektowane przez Binn\u0119<\/p>","protected":false},"excerpt":{"rendered":"<p>Materia\u0142 stalowy Zaprojektowany przez binn\u0119<\/p>","protected":false},"featured_media":896,"template":"","meta":[],"product_brand":[],"product_cat":[47],"product_tag":[],"class_list":{"0":"post-822","1":"product","2":"type-product","3":"status-publish","4":"has-post-thumbnail","6":"product_cat-skartgripir","8":"first","9":"instock","10":"taxable","11":"shipping-taxable","12":"purchasable","13":"product-type-simple"},"_links":{"self":[{"href":"https:\/\/galleriskart.is\/pl\/wp-json\/wp\/v2\/product\/822","targetHints":{"allow":["GET"]}}],"collection":[{"href":"https:\/\/galleriskart.is\/pl\/wp-json\/wp\/v2\/product"}],"about":[{"href":"https:\/\/galleriskart.is\/pl\/wp-json\/wp\/v2\/types\/product"}],"wp:featuredmedia":[{"embeddable":true,"href":"https:\/\/galleriskart.is\/pl\/wp-json\/wp\/v2\/media\/896"}],"wp:attachment":[{"href":"https:\/\/galleriskart.is\/pl\/wp-json\/wp\/v2\/media?parent=822"}],"wp:term":[{"taxonomy":"product_brand","embeddable":true,"href":"https:\/\/galleriskart.is\/pl\/wp-json\/wp\/v2\/product_brand?post=822"},{"taxonomy":"product_cat","embeddable":true,"href":"https:\/\/galleriskart.is\/pl\/wp-json\/wp\/v2\/product_cat?post=822"},{"taxonomy":"product_tag","embeddable":true,"href":"https:\/\/galleriskart.is\/pl\/wp-json\/wp\/v2\/product_tag?post=822"}],"curies":[{"name":"wp","href":"https:\/\/api.w.org\/{rel}","templated":true}]}}