{"id":812,"date":"2024-03-26T11:02:16","date_gmt":"2024-03-26T11:02:16","guid":{"rendered":"https:\/\/galleriskart.is\/?post_type=product&#038;p=812"},"modified":"2025-01-07T16:44:17","modified_gmt":"2025-01-07T16:44:17","slug":"vn-186-halsmen-lifsins-tre-med-natturusteinum-fin-kedja","status":"publish","type":"product","link":"https:\/\/galleriskart.is\/pl\/product\/vn-186-halsmen-lifsins-tre-med-natturusteinum-fin-kedja\/","title":{"rendered":"Vn 186. Naszyjnik drzewo \u017cycia z drobnym \u0142a\u0144cuszkiem z kamieniami naturalnymi"},"content":{"rendered":"<p>Materia\u0142 stal<\/p>\n<p>Zaprojektowane przez Binn\u0119<\/p>","protected":false},"excerpt":{"rendered":"<p>Materia\u0142 stalowy Zaprojektowany przez binn\u0119<\/p>","protected":false},"featured_media":885,"template":"","meta":[],"product_brand":[],"product_cat":[47],"product_tag":[],"class_list":{"0":"post-812","1":"product","2":"type-product","3":"status-publish","4":"has-post-thumbnail","6":"product_cat-skartgripir","8":"first","9":"instock","10":"virtual","11":"taxable","12":"purchasable","13":"product-type-simple"},"_links":{"self":[{"href":"https:\/\/galleriskart.is\/pl\/wp-json\/wp\/v2\/product\/812","targetHints":{"allow":["GET"]}}],"collection":[{"href":"https:\/\/galleriskart.is\/pl\/wp-json\/wp\/v2\/product"}],"about":[{"href":"https:\/\/galleriskart.is\/pl\/wp-json\/wp\/v2\/types\/product"}],"wp:featuredmedia":[{"embeddable":true,"href":"https:\/\/galleriskart.is\/pl\/wp-json\/wp\/v2\/media\/885"}],"wp:attachment":[{"href":"https:\/\/galleriskart.is\/pl\/wp-json\/wp\/v2\/media?parent=812"}],"wp:term":[{"taxonomy":"product_brand","embeddable":true,"href":"https:\/\/galleriskart.is\/pl\/wp-json\/wp\/v2\/product_brand?post=812"},{"taxonomy":"product_cat","embeddable":true,"href":"https:\/\/galleriskart.is\/pl\/wp-json\/wp\/v2\/product_cat?post=812"},{"taxonomy":"product_tag","embeddable":true,"href":"https:\/\/galleriskart.is\/pl\/wp-json\/wp\/v2\/product_tag?post=812"}],"curies":[{"name":"wp","href":"https:\/\/api.w.org\/{rel}","templated":true}]}}