{"id":804,"date":"2024-03-26T11:01:52","date_gmt":"2024-03-26T11:01:52","guid":{"rendered":"https:\/\/galleriskart.is\/?post_type=product&#038;p=804"},"modified":"2025-01-07T16:47:04","modified_gmt":"2025-01-07T16:47:04","slug":"vn-122-ametist-halsmen","status":"publish","type":"product","link":"https:\/\/galleriskart.is\/pl\/product\/vn-122-ametist-halsmen\/","title":{"rendered":"werset 122. Naszyjnik z ametystem"},"content":{"rendered":"<p>Materia\u0142: stal poz\u0142acana<\/p>\n<p><span style=\"font-family\">Dzia\u0142a na stres, jest bardzo silny i ochronny. Poprawia pami\u0119\u0107 i \u0142agodzi smutek. Dobrze trzyma\u0107 na nocnym stoliku na bezsenno\u015b\u0107 i dla tych, kt\u00f3rzy s\u0105 przyt\u0142oczeni my\u015blami.<\/span><\/p>","protected":false},"excerpt":{"rendered":"<p>Materia\u0142: stal poz\u0142acana. Dzia\u0142a na stres, bardzo silnie i ochronnie. Poprawia pami\u0119\u0107 i \u0142agodzi smutek. Warto trzyma\u0107 go na stoliku nocnym, aby pom\u00f3c osobom cierpi\u0105cym na bezsenno\u015b\u0107 i przeci\u0105\u017conym my\u015blami.<\/p>","protected":false},"featured_media":876,"template":"","meta":[],"product_brand":[],"product_cat":[57,47],"product_tag":[],"class_list":{"0":"post-804","1":"product","2":"type-product","3":"status-publish","4":"has-post-thumbnail","6":"product_cat-draumafangarar","7":"product_cat-skartgripir","9":"first","10":"instock","11":"taxable","12":"shipping-taxable","13":"purchasable","14":"product-type-simple"},"_links":{"self":[{"href":"https:\/\/galleriskart.is\/pl\/wp-json\/wp\/v2\/product\/804","targetHints":{"allow":["GET"]}}],"collection":[{"href":"https:\/\/galleriskart.is\/pl\/wp-json\/wp\/v2\/product"}],"about":[{"href":"https:\/\/galleriskart.is\/pl\/wp-json\/wp\/v2\/types\/product"}],"wp:featuredmedia":[{"embeddable":true,"href":"https:\/\/galleriskart.is\/pl\/wp-json\/wp\/v2\/media\/876"}],"wp:attachment":[{"href":"https:\/\/galleriskart.is\/pl\/wp-json\/wp\/v2\/media?parent=804"}],"wp:term":[{"taxonomy":"product_brand","embeddable":true,"href":"https:\/\/galleriskart.is\/pl\/wp-json\/wp\/v2\/product_brand?post=804"},{"taxonomy":"product_cat","embeddable":true,"href":"https:\/\/galleriskart.is\/pl\/wp-json\/wp\/v2\/product_cat?post=804"},{"taxonomy":"product_tag","embeddable":true,"href":"https:\/\/galleriskart.is\/pl\/wp-json\/wp\/v2\/product_tag?post=804"}],"curies":[{"name":"wp","href":"https:\/\/api.w.org\/{rel}","templated":true}]}}