{"id":767,"date":"2024-03-26T11:00:15","date_gmt":"2024-03-26T11:00:15","guid":{"rendered":"https:\/\/galleriskart.is\/?post_type=product&#038;p=767"},"modified":"2025-01-07T15:59:01","modified_gmt":"2025-01-07T15:59:01","slug":"gull-litad-halsmen-med-eyrnalokkum-og-semeliusteinum","status":"publish","type":"product","link":"https:\/\/galleriskart.is\/pl\/product\/gull-litad-halsmen-med-eyrnalokkum-og-semeliusteinum\/","title":{"rendered":"Naszyjnik w kolorze z\u0142otym z kolczykami i kamieniami szlachetnymi"},"content":{"rendered":"<p>Naprawd\u0119 pi\u0119kny naszyjnik z kolczykami<\/p>","protected":false},"excerpt":{"rendered":"<p>Naprawd\u0119 pi\u0119kny naszyjnik z kolczykami<\/p>","protected":false},"featured_media":825,"template":"","meta":[],"product_brand":[],"product_cat":[47],"product_tag":[],"class_list":{"0":"post-767","1":"product","2":"type-product","3":"status-publish","4":"has-post-thumbnail","6":"product_cat-skartgripir","8":"first","9":"instock","10":"taxable","11":"shipping-taxable","12":"purchasable","13":"product-type-simple"},"_links":{"self":[{"href":"https:\/\/galleriskart.is\/pl\/wp-json\/wp\/v2\/product\/767","targetHints":{"allow":["GET"]}}],"collection":[{"href":"https:\/\/galleriskart.is\/pl\/wp-json\/wp\/v2\/product"}],"about":[{"href":"https:\/\/galleriskart.is\/pl\/wp-json\/wp\/v2\/types\/product"}],"wp:featuredmedia":[{"embeddable":true,"href":"https:\/\/galleriskart.is\/pl\/wp-json\/wp\/v2\/media\/825"}],"wp:attachment":[{"href":"https:\/\/galleriskart.is\/pl\/wp-json\/wp\/v2\/media?parent=767"}],"wp:term":[{"taxonomy":"product_brand","embeddable":true,"href":"https:\/\/galleriskart.is\/pl\/wp-json\/wp\/v2\/product_brand?post=767"},{"taxonomy":"product_cat","embeddable":true,"href":"https:\/\/galleriskart.is\/pl\/wp-json\/wp\/v2\/product_cat?post=767"},{"taxonomy":"product_tag","embeddable":true,"href":"https:\/\/galleriskart.is\/pl\/wp-json\/wp\/v2\/product_tag?post=767"}],"curies":[{"name":"wp","href":"https:\/\/api.w.org\/{rel}","templated":true}]}}