{"id":639,"date":"2024-03-26T10:56:45","date_gmt":"2024-03-26T10:56:45","guid":{"rendered":"https:\/\/galleriskart.is\/?post_type=product&#038;p=639"},"modified":"2025-02-12T18:24:11","modified_gmt":"2025-02-12T18:24:11","slug":"10-birthday-sale-viking-runes-book-and-runes","status":"publish","type":"product","link":"https:\/\/galleriskart.is\/pl\/product\/10-birthday-sale-viking-runes-book-and-runes\/","title":{"rendered":"Ksi\u0119ga run wiking\u00f3w i runy"},"content":{"rendered":"<p>Ksi\u0105\u017cka i runy po angielsku<\/p>","protected":false},"excerpt":{"rendered":"<p>Ksi\u0105\u017cka i runy po angielsku<\/p>","protected":false},"featured_media":482,"template":"","meta":[],"product_brand":[],"product_cat":[46,53],"product_tag":[],"class_list":{"0":"post-639","1":"product","2":"type-product","3":"status-publish","4":"has-post-thumbnail","6":"product_cat-runir","7":"product_cat-tarotspil","9":"first","10":"instock","11":"taxable","12":"shipping-taxable","13":"purchasable","14":"product-type-simple"},"_links":{"self":[{"href":"https:\/\/galleriskart.is\/pl\/wp-json\/wp\/v2\/product\/639","targetHints":{"allow":["GET"]}}],"collection":[{"href":"https:\/\/galleriskart.is\/pl\/wp-json\/wp\/v2\/product"}],"about":[{"href":"https:\/\/galleriskart.is\/pl\/wp-json\/wp\/v2\/types\/product"}],"wp:featuredmedia":[{"embeddable":true,"href":"https:\/\/galleriskart.is\/pl\/wp-json\/wp\/v2\/media\/482"}],"wp:attachment":[{"href":"https:\/\/galleriskart.is\/pl\/wp-json\/wp\/v2\/media?parent=639"}],"wp:term":[{"taxonomy":"product_brand","embeddable":true,"href":"https:\/\/galleriskart.is\/pl\/wp-json\/wp\/v2\/product_brand?post=639"},{"taxonomy":"product_cat","embeddable":true,"href":"https:\/\/galleriskart.is\/pl\/wp-json\/wp\/v2\/product_cat?post=639"},{"taxonomy":"product_tag","embeddable":true,"href":"https:\/\/galleriskart.is\/pl\/wp-json\/wp\/v2\/product_tag?post=639"}],"curies":[{"name":"wp","href":"https:\/\/api.w.org\/{rel}","templated":true}]}}