{"id":638,"date":"2024-03-26T10:56:45","date_gmt":"2024-03-26T10:56:45","guid":{"rendered":"https:\/\/galleriskart.is\/?post_type=product&#038;p=638"},"modified":"2024-12-18T16:07:47","modified_gmt":"2024-12-18T16:07:47","slug":"viking-runes-book","status":"publish","type":"product","link":"https:\/\/galleriskart.is\/pl\/product\/viking-runes-book\/","title":{"rendered":"Ksi\u0105\u017cka Runy Wiking\u00f3w"},"content":{"rendered":"<p>Ksi\u0105\u017cka Runy Wiking\u00f3w<\/p>","protected":false},"excerpt":{"rendered":"<p>Ksi\u0105\u017cka Runy Wiking\u00f3w<\/p>","protected":false},"featured_media":473,"template":"","meta":[],"product_brand":[],"product_cat":[46,53],"product_tag":[],"class_list":{"0":"post-638","1":"product","2":"type-product","3":"status-publish","4":"has-post-thumbnail","6":"product_cat-runir","7":"product_cat-tarotspil","9":"first","10":"instock","11":"taxable","12":"shipping-taxable","13":"purchasable","14":"product-type-simple"},"_links":{"self":[{"href":"https:\/\/galleriskart.is\/pl\/wp-json\/wp\/v2\/product\/638","targetHints":{"allow":["GET"]}}],"collection":[{"href":"https:\/\/galleriskart.is\/pl\/wp-json\/wp\/v2\/product"}],"about":[{"href":"https:\/\/galleriskart.is\/pl\/wp-json\/wp\/v2\/types\/product"}],"wp:featuredmedia":[{"embeddable":true,"href":"https:\/\/galleriskart.is\/pl\/wp-json\/wp\/v2\/media\/473"}],"wp:attachment":[{"href":"https:\/\/galleriskart.is\/pl\/wp-json\/wp\/v2\/media?parent=638"}],"wp:term":[{"taxonomy":"product_brand","embeddable":true,"href":"https:\/\/galleriskart.is\/pl\/wp-json\/wp\/v2\/product_brand?post=638"},{"taxonomy":"product_cat","embeddable":true,"href":"https:\/\/galleriskart.is\/pl\/wp-json\/wp\/v2\/product_cat?post=638"},{"taxonomy":"product_tag","embeddable":true,"href":"https:\/\/galleriskart.is\/pl\/wp-json\/wp\/v2\/product_tag?post=638"}],"curies":[{"name":"wp","href":"https:\/\/api.w.org\/{rel}","templated":true}]}}