{"id":591,"date":"2024-03-26T10:51:27","date_gmt":"2024-03-26T10:51:27","guid":{"rendered":"https:\/\/galleriskart.is\/?post_type=product&#038;p=591"},"modified":"2024-12-18T16:06:41","modified_gmt":"2024-12-18T16:06:41","slug":"april-tilbod-tarot-spil-the-rider-tarot","status":"publish","type":"product","link":"https:\/\/galleriskart.is\/pl\/product\/april-tilbod-tarot-spil-the-rider-tarot\/","title":{"rendered":"Kwietniowa oferta kart Tarota The Rider Tarot"},"content":{"rendered":"<p>Talia dla pocz\u0105tkuj\u0105cych<\/p>\n<p>Pole\u0107 te karty<\/p>","protected":false},"excerpt":{"rendered":"<p>Talia dla pocz\u0105tkuj\u0105cych Pole\u0107 te karty<\/p>","protected":false},"featured_media":735,"template":"","meta":[],"product_brand":[],"product_cat":[53],"product_tag":[],"class_list":{"0":"post-591","1":"product","2":"type-product","3":"status-publish","4":"has-post-thumbnail","6":"product_cat-tarotspil","8":"first","9":"outofstock","10":"taxable","11":"shipping-taxable","12":"purchasable","13":"product-type-simple"},"_links":{"self":[{"href":"https:\/\/galleriskart.is\/pl\/wp-json\/wp\/v2\/product\/591","targetHints":{"allow":["GET"]}}],"collection":[{"href":"https:\/\/galleriskart.is\/pl\/wp-json\/wp\/v2\/product"}],"about":[{"href":"https:\/\/galleriskart.is\/pl\/wp-json\/wp\/v2\/types\/product"}],"wp:featuredmedia":[{"embeddable":true,"href":"https:\/\/galleriskart.is\/pl\/wp-json\/wp\/v2\/media\/735"}],"wp:attachment":[{"href":"https:\/\/galleriskart.is\/pl\/wp-json\/wp\/v2\/media?parent=591"}],"wp:term":[{"taxonomy":"product_brand","embeddable":true,"href":"https:\/\/galleriskart.is\/pl\/wp-json\/wp\/v2\/product_brand?post=591"},{"taxonomy":"product_cat","embeddable":true,"href":"https:\/\/galleriskart.is\/pl\/wp-json\/wp\/v2\/product_cat?post=591"},{"taxonomy":"product_tag","embeddable":true,"href":"https:\/\/galleriskart.is\/pl\/wp-json\/wp\/v2\/product_tag?post=591"}],"curies":[{"name":"wp","href":"https:\/\/api.w.org\/{rel}","templated":true}]}}