{"id":5815,"date":"2025-02-26T10:11:54","date_gmt":"2025-02-26T10:11:54","guid":{"rendered":"https:\/\/galleriskart.is\/product\/nytt-tigrisauga-hjarta-halsmen-og-eyrnalokkar\/"},"modified":"2025-02-26T10:11:56","modified_gmt":"2025-02-26T10:11:56","slug":"nytt-tigrisauga-hjarta-halsmen-og-eyrnalokkar","status":"publish","type":"product","link":"https:\/\/galleriskart.is\/pl\/product\/nytt-tigrisauga-hjarta-halsmen-og-eyrnalokkar\/","title":{"rendered":"Nowy naszyjnik i kolczyki w kszta\u0142cie serca tygrysiego oka"},"content":{"rendered":"<p>\u0141a\u0144cuch stalowy 50cm<\/p>\n<p>Kolczyki ze stali<\/p>","protected":false},"excerpt":{"rendered":"<p>\u0141a\u0144cuszek stalowy 50cm Kolczyki stalowe<\/p>","protected":false},"featured_media":5814,"template":"","meta":[],"product_brand":[],"product_cat":[57,41,42,47,49,50,51],"product_tag":[],"class_list":{"0":"post-5815","1":"product","2":"type-product","3":"status-publish","4":"has-post-thumbnail","6":"product_cat-draumafangarar","7":"product_cat-eyrnalokkar","8":"product_cat-halsmen","9":"product_cat-skartgripir","10":"product_cat-stal-2","11":"product_cat-stal-eyrnalokkar","12":"product_cat-stal-halsmen","14":"first","15":"instock","16":"taxable","17":"shipping-taxable","18":"purchasable","19":"product-type-simple"},"_links":{"self":[{"href":"https:\/\/galleriskart.is\/pl\/wp-json\/wp\/v2\/product\/5815","targetHints":{"allow":["GET"]}}],"collection":[{"href":"https:\/\/galleriskart.is\/pl\/wp-json\/wp\/v2\/product"}],"about":[{"href":"https:\/\/galleriskart.is\/pl\/wp-json\/wp\/v2\/types\/product"}],"wp:featuredmedia":[{"embeddable":true,"href":"https:\/\/galleriskart.is\/pl\/wp-json\/wp\/v2\/media\/5814"}],"wp:attachment":[{"href":"https:\/\/galleriskart.is\/pl\/wp-json\/wp\/v2\/media?parent=5815"}],"wp:term":[{"taxonomy":"product_brand","embeddable":true,"href":"https:\/\/galleriskart.is\/pl\/wp-json\/wp\/v2\/product_brand?post=5815"},{"taxonomy":"product_cat","embeddable":true,"href":"https:\/\/galleriskart.is\/pl\/wp-json\/wp\/v2\/product_cat?post=5815"},{"taxonomy":"product_tag","embeddable":true,"href":"https:\/\/galleriskart.is\/pl\/wp-json\/wp\/v2\/product_tag?post=5815"}],"curies":[{"name":"wp","href":"https:\/\/api.w.org\/{rel}","templated":true}]}}