{"id":5813,"date":"2025-02-26T10:09:32","date_gmt":"2025-02-26T10:09:32","guid":{"rendered":"https:\/\/galleriskart.is\/product\/nytt-lykkja-halsmen-og-eyrnalokkar\/"},"modified":"2025-02-26T10:09:33","modified_gmt":"2025-02-26T10:09:33","slug":"nytt-lykkja-halsmen-og-eyrnalokkar","status":"publish","type":"product","link":"https:\/\/galleriskart.is\/pl\/product\/nytt-lykkja-halsmen-og-eyrnalokkar\/","title":{"rendered":"Nowy naszyjnik i kolczyki z p\u0119telk\u0105"},"content":{"rendered":"<p>Materia\u0142 stal<\/p>","protected":false},"excerpt":{"rendered":"<p>Materia\u0142 stal<\/p>","protected":false},"featured_media":5812,"template":"","meta":[],"product_brand":[],"product_cat":[41,42,47,50,49,51],"product_tag":[],"class_list":{"0":"post-5813","1":"product","2":"type-product","3":"status-publish","4":"has-post-thumbnail","6":"product_cat-eyrnalokkar","7":"product_cat-halsmen","8":"product_cat-skartgripir","9":"product_cat-stal-eyrnalokkar","10":"product_cat-stal-2","11":"product_cat-stal-halsmen","13":"first","14":"instock","15":"taxable","16":"shipping-taxable","17":"purchasable","18":"product-type-simple"},"_links":{"self":[{"href":"https:\/\/galleriskart.is\/pl\/wp-json\/wp\/v2\/product\/5813","targetHints":{"allow":["GET"]}}],"collection":[{"href":"https:\/\/galleriskart.is\/pl\/wp-json\/wp\/v2\/product"}],"about":[{"href":"https:\/\/galleriskart.is\/pl\/wp-json\/wp\/v2\/types\/product"}],"wp:featuredmedia":[{"embeddable":true,"href":"https:\/\/galleriskart.is\/pl\/wp-json\/wp\/v2\/media\/5812"}],"wp:attachment":[{"href":"https:\/\/galleriskart.is\/pl\/wp-json\/wp\/v2\/media?parent=5813"}],"wp:term":[{"taxonomy":"product_brand","embeddable":true,"href":"https:\/\/galleriskart.is\/pl\/wp-json\/wp\/v2\/product_brand?post=5813"},{"taxonomy":"product_cat","embeddable":true,"href":"https:\/\/galleriskart.is\/pl\/wp-json\/wp\/v2\/product_cat?post=5813"},{"taxonomy":"product_tag","embeddable":true,"href":"https:\/\/galleriskart.is\/pl\/wp-json\/wp\/v2\/product_tag?post=5813"}],"curies":[{"name":"wp","href":"https:\/\/api.w.org\/{rel}","templated":true}]}}