{"id":5775,"date":"2025-02-25T10:13:11","date_gmt":"2025-02-25T10:13:11","guid":{"rendered":"https:\/\/galleriskart.is\/product\/nytt-rosakvars-ros-halsmen-og-eyrnalokkar-2\/"},"modified":"2025-03-03T12:59:31","modified_gmt":"2025-03-03T12:59:31","slug":"nytt-rosakvars-ros-halsmen-og-eyrnalokkar-2","status":"publish","type":"product","link":"https:\/\/galleriskart.is\/pl\/product\/nytt-rosakvars-ros-halsmen-og-eyrnalokkar-2\/","title":{"rendered":"Nowy naszyjnik i kolczyki z r\u00f3\u017c\u0105 ametystow\u0105"},"content":{"rendered":"<p>\u0141a\u0144cuch stalowy 55 cm<\/p>\n<p><span style=\"font-family\">Dzia\u0142a na stres, jest bardzo silny i ochronny. Poprawia pami\u0119\u0107 i \u0142agodzi smutek. Dobrze trzyma\u0107 na nocnym stoliku na bezsenno\u015b\u0107 i dla tych, kt\u00f3rzy s\u0105 przyt\u0142oczeni my\u015blami.<\/span><\/p>\n<p><span style=\"font-family: Roboto, sans-serif;font-size: 14px;font-style: normal;font-weight: 400;letter-spacing: normal;text-align: start;text-indent: 0px;text-transform: none;text-decoration: none;float: none\">I przyjd\u017a do ciebie <\/span>W<span style=\"font-family: Roboto, sans-serif;font-size: 14px;font-style: normal;font-weight: 400;letter-spacing: normal;text-align: start;text-indent: 0px;text-transform: none;text-decoration: none;float: none\"> pude\u0142ka na bi\u017cuteri\u0119 z recyklingu<\/span><\/p>","protected":false},"excerpt":{"rendered":"<p>Ke\u00f0ja \u00far st\u00e1li 55 cm Vinnur \u00e1 streitu, mj\u00f6g kraftmikill og verndandi. B\u00e6tir minni\u00f0 og l\u00e9ttir \u00e1 sorg. G\u00f3\u00f0ur til a\u00f0 hafa&nbsp;\u00e1 n\u00e1ttbor\u00f0inu vi\u00f0 svefnleysi og fyrir \u00fe\u00e1 sem eru yfirhla\u00f0nir hugsunum. Og koma til \u00fe\u00edn \u00ed endurunnum skartgripa\u00f6skjum<\/p>","protected":false},"featured_media":5774,"template":"","meta":[],"product_brand":[],"product_cat":[57,41,42,47,51],"product_tag":[],"class_list":{"0":"post-5775","1":"product","2":"type-product","3":"status-publish","4":"has-post-thumbnail","6":"product_cat-draumafangarar","7":"product_cat-eyrnalokkar","8":"product_cat-halsmen","9":"product_cat-skartgripir","10":"product_cat-stal-halsmen","12":"first","13":"instock","14":"taxable","15":"shipping-taxable","16":"purchasable","17":"product-type-simple"},"_links":{"self":[{"href":"https:\/\/galleriskart.is\/pl\/wp-json\/wp\/v2\/product\/5775","targetHints":{"allow":["GET"]}}],"collection":[{"href":"https:\/\/galleriskart.is\/pl\/wp-json\/wp\/v2\/product"}],"about":[{"href":"https:\/\/galleriskart.is\/pl\/wp-json\/wp\/v2\/types\/product"}],"wp:featuredmedia":[{"embeddable":true,"href":"https:\/\/galleriskart.is\/pl\/wp-json\/wp\/v2\/media\/5774"}],"wp:attachment":[{"href":"https:\/\/galleriskart.is\/pl\/wp-json\/wp\/v2\/media?parent=5775"}],"wp:term":[{"taxonomy":"product_brand","embeddable":true,"href":"https:\/\/galleriskart.is\/pl\/wp-json\/wp\/v2\/product_brand?post=5775"},{"taxonomy":"product_cat","embeddable":true,"href":"https:\/\/galleriskart.is\/pl\/wp-json\/wp\/v2\/product_cat?post=5775"},{"taxonomy":"product_tag","embeddable":true,"href":"https:\/\/galleriskart.is\/pl\/wp-json\/wp\/v2\/product_tag?post=5775"}],"curies":[{"name":"wp","href":"https:\/\/api.w.org\/{rel}","templated":true}]}}