{"id":5651,"date":"2025-02-12T13:05:12","date_gmt":"2025-02-12T13:05:12","guid":{"rendered":"https:\/\/galleriskart.is\/product\/nytt-grof-gyllt-kedja-og-armband-ur-stali\/"},"modified":"2025-11-11T21:23:19","modified_gmt":"2025-11-11T21:23:19","slug":"nytt-grof-gyllt-kedja-og-armband-ur-stali","status":"publish","type":"product","link":"https:\/\/galleriskart.is\/pl\/product\/nytt-grof-gyllt-kedja-og-armband-ur-stali\/","title":{"rendered":"Nowy gruby z\u0142oty \u0142a\u0144cuszek i bransoleta ze stali"},"content":{"rendered":"<p>Projektant Binni<\/p>","protected":false},"excerpt":{"rendered":"<p>Projektant Binni<\/p>","protected":false},"featured_media":5650,"template":"","meta":[],"product_brand":[],"product_cat":[42,48,51,54],"product_tag":[],"class_list":{"0":"post-5651","1":"product","2":"type-product","3":"status-publish","4":"has-post-thumbnail","6":"product_cat-halsmen","7":"product_cat-stal-armbond","8":"product_cat-stal-halsmen","9":"product_cat-vikinga-skart","11":"first","12":"outofstock","13":"taxable","14":"shipping-taxable","15":"purchasable","16":"product-type-simple"},"_links":{"self":[{"href":"https:\/\/galleriskart.is\/pl\/wp-json\/wp\/v2\/product\/5651","targetHints":{"allow":["GET"]}}],"collection":[{"href":"https:\/\/galleriskart.is\/pl\/wp-json\/wp\/v2\/product"}],"about":[{"href":"https:\/\/galleriskart.is\/pl\/wp-json\/wp\/v2\/types\/product"}],"wp:featuredmedia":[{"embeddable":true,"href":"https:\/\/galleriskart.is\/pl\/wp-json\/wp\/v2\/media\/5650"}],"wp:attachment":[{"href":"https:\/\/galleriskart.is\/pl\/wp-json\/wp\/v2\/media?parent=5651"}],"wp:term":[{"taxonomy":"product_brand","embeddable":true,"href":"https:\/\/galleriskart.is\/pl\/wp-json\/wp\/v2\/product_brand?post=5651"},{"taxonomy":"product_cat","embeddable":true,"href":"https:\/\/galleriskart.is\/pl\/wp-json\/wp\/v2\/product_cat?post=5651"},{"taxonomy":"product_tag","embeddable":true,"href":"https:\/\/galleriskart.is\/pl\/wp-json\/wp\/v2\/product_tag?post=5651"}],"curies":[{"name":"wp","href":"https:\/\/api.w.org\/{rel}","templated":true}]}}