{"id":5639,"date":"2025-02-12T12:51:20","date_gmt":"2025-02-12T12:51:20","guid":{"rendered":"https:\/\/galleriskart.is\/product\/nytt-joga-hondin-rosakvars-halsmen\/"},"modified":"2025-03-03T12:53:41","modified_gmt":"2025-03-03T12:53:41","slug":"nytt-joga-hondin-rosakvars-halsmen","status":"publish","type":"product","link":"https:\/\/galleriskart.is\/pl\/product\/nytt-joga-hondin-rosakvars-halsmen\/","title":{"rendered":"Nowy naszyjnik z kwarcu r\u00f3\u017cowego z r\u0119koje\u015bci\u0105 do jogi"},"content":{"rendered":"<p>\u0141a\u0144cuch stalowy<\/p>\n<p>Kamie\u0144 naturalny<\/p>\n<p><span style=\"font-family\">Kwarc r\u00f3\u017cowy jest kamieniem mi\u0142o\u015bci, wzmacnia komunikacj\u0119, bezwarunkow\u0105 mi\u0142o\u015b\u0107 i ochron\u0119. Uspokaja i rozgrzewa czakr\u0119 serca oraz pomaga nam wybacza\u0107, tolerowa\u0107 i pozwala\u0107 na wi\u0119cej mi\u0142o\u015bci i uczucia w naszym \u017cyciu.<\/span><\/p>\n<p><span style=\"font-family: Roboto, sans-serif;font-size: 14px;font-style: normal;font-weight: 400;letter-spacing: normal;text-align: start;text-indent: 0px;text-transform: none;text-decoration: none;float: none\">I przyjd\u017a do ciebie <\/span>W<span style=\"font-family: Roboto, sans-serif;font-size: 14px;font-style: normal;font-weight: 400;letter-spacing: normal;text-align: start;text-indent: 0px;text-transform: none;text-decoration: none;float: none\"> pude\u0142ka na bi\u017cuteri\u0119 z recyklingu<\/span><\/p>","protected":false},"excerpt":{"rendered":"<p>Ke\u00f0ja \u00far st\u00e1li N\u00e1tt\u00farustein R\u00f3sakvars er \u00c1starsteinninn, styrkir samskipti, \u00f3skilyr\u00f0isbundin \u00e1st og vernd. R\u00f3ar og hitar hjartast\u00f6\u00f0in og&nbsp;hj\u00e1lpar okkur a\u00f0 fyrirgefa, umbera og hleypa meiri \u00e1st og k\u00e6rleika inn \u00ed l\u00edfi\u00f0 okkar. Og koma til \u00fe\u00edn \u00ed endurunnum skartgripa\u00f6skjum<\/p>","protected":false},"featured_media":5638,"template":"","meta":[],"product_brand":[],"product_cat":[57,42,47,51],"product_tag":[],"class_list":{"0":"post-5639","1":"product","2":"type-product","3":"status-publish","4":"has-post-thumbnail","6":"product_cat-draumafangarar","7":"product_cat-halsmen","8":"product_cat-skartgripir","9":"product_cat-stal-halsmen","11":"first","12":"instock","13":"taxable","14":"shipping-taxable","15":"purchasable","16":"product-type-simple"},"_links":{"self":[{"href":"https:\/\/galleriskart.is\/pl\/wp-json\/wp\/v2\/product\/5639","targetHints":{"allow":["GET"]}}],"collection":[{"href":"https:\/\/galleriskart.is\/pl\/wp-json\/wp\/v2\/product"}],"about":[{"href":"https:\/\/galleriskart.is\/pl\/wp-json\/wp\/v2\/types\/product"}],"wp:featuredmedia":[{"embeddable":true,"href":"https:\/\/galleriskart.is\/pl\/wp-json\/wp\/v2\/media\/5638"}],"wp:attachment":[{"href":"https:\/\/galleriskart.is\/pl\/wp-json\/wp\/v2\/media?parent=5639"}],"wp:term":[{"taxonomy":"product_brand","embeddable":true,"href":"https:\/\/galleriskart.is\/pl\/wp-json\/wp\/v2\/product_brand?post=5639"},{"taxonomy":"product_cat","embeddable":true,"href":"https:\/\/galleriskart.is\/pl\/wp-json\/wp\/v2\/product_cat?post=5639"},{"taxonomy":"product_tag","embeddable":true,"href":"https:\/\/galleriskart.is\/pl\/wp-json\/wp\/v2\/product_tag?post=5639"}],"curies":[{"name":"wp","href":"https:\/\/api.w.org\/{rel}","templated":true}]}}