{"id":5609,"date":"2025-01-27T10:40:13","date_gmt":"2025-01-27T10:40:13","guid":{"rendered":"https:\/\/galleriskart.is\/product\/nytt-grof-gyllt-kedja-halsmen-og-armband\/"},"modified":"2025-01-27T10:40:14","modified_gmt":"2025-01-27T10:40:14","slug":"nytt-grof-gyllt-kedja-halsmen-og-armband","status":"publish","type":"product","link":"https:\/\/galleriskart.is\/pl\/product\/nytt-grof-gyllt-kedja-halsmen-og-armband\/","title":{"rendered":"Nowy surowy z\u0142oty naszyjnik i bransoletka"},"content":{"rendered":"<p>Materia\u0142 stal<\/p>\n<p>Naszyjnik o d\u0142ugo\u015bci 60 cm<\/p>","protected":false},"excerpt":{"rendered":"<p>Materia\u0142 stal Naszyjnik 60 cm d\u0142ugo\u015bci<\/p>","protected":false},"featured_media":5608,"template":"","meta":[],"product_brand":[],"product_cat":[48,51,54],"product_tag":[],"class_list":{"0":"post-5609","1":"product","2":"type-product","3":"status-publish","4":"has-post-thumbnail","6":"product_cat-stal-armbond","7":"product_cat-stal-halsmen","8":"product_cat-vikinga-skart","10":"first","11":"instock","12":"taxable","13":"shipping-taxable","14":"purchasable","15":"product-type-simple"},"_links":{"self":[{"href":"https:\/\/galleriskart.is\/pl\/wp-json\/wp\/v2\/product\/5609","targetHints":{"allow":["GET"]}}],"collection":[{"href":"https:\/\/galleriskart.is\/pl\/wp-json\/wp\/v2\/product"}],"about":[{"href":"https:\/\/galleriskart.is\/pl\/wp-json\/wp\/v2\/types\/product"}],"wp:featuredmedia":[{"embeddable":true,"href":"https:\/\/galleriskart.is\/pl\/wp-json\/wp\/v2\/media\/5608"}],"wp:attachment":[{"href":"https:\/\/galleriskart.is\/pl\/wp-json\/wp\/v2\/media?parent=5609"}],"wp:term":[{"taxonomy":"product_brand","embeddable":true,"href":"https:\/\/galleriskart.is\/pl\/wp-json\/wp\/v2\/product_brand?post=5609"},{"taxonomy":"product_cat","embeddable":true,"href":"https:\/\/galleriskart.is\/pl\/wp-json\/wp\/v2\/product_cat?post=5609"},{"taxonomy":"product_tag","embeddable":true,"href":"https:\/\/galleriskart.is\/pl\/wp-json\/wp\/v2\/product_tag?post=5609"}],"curies":[{"name":"wp","href":"https:\/\/api.w.org\/{rel}","templated":true}]}}