{"id":4501,"date":"2024-07-31T16:00:50","date_gmt":"2024-07-31T16:00:50","guid":{"rendered":"https:\/\/galleriskart.is\/product\/gyllt-god-herra-kedja-med-armbandi\/"},"modified":"2025-01-07T14:00:14","modified_gmt":"2025-01-07T14:00:14","slug":"gyllt-god-herra-kedja-med-armbandi","status":"publish","type":"product","link":"https:\/\/galleriskart.is\/pl\/product\/gyllt-god-herra-kedja-med-armbandi\/","title":{"rendered":"M\u00e1r Gyllt chropowaty m\u0119ski \u0142a\u0144cuszek z bransolet\u0105"},"content":{"rendered":"<p>Stal nierdzewna<\/p>","protected":false},"excerpt":{"rendered":"<p>Stal nierdzewna<\/p>","protected":false},"featured_media":4500,"template":"","meta":[],"product_brand":[],"product_cat":[48,51,54],"product_tag":[],"class_list":{"0":"post-4501","1":"product","2":"type-product","3":"status-publish","4":"has-post-thumbnail","6":"product_cat-stal-armbond","7":"product_cat-stal-halsmen","8":"product_cat-vikinga-skart","10":"first","11":"instock","12":"taxable","13":"shipping-taxable","14":"purchasable","15":"product-type-simple"},"_links":{"self":[{"href":"https:\/\/galleriskart.is\/pl\/wp-json\/wp\/v2\/product\/4501","targetHints":{"allow":["GET"]}}],"collection":[{"href":"https:\/\/galleriskart.is\/pl\/wp-json\/wp\/v2\/product"}],"about":[{"href":"https:\/\/galleriskart.is\/pl\/wp-json\/wp\/v2\/types\/product"}],"wp:featuredmedia":[{"embeddable":true,"href":"https:\/\/galleriskart.is\/pl\/wp-json\/wp\/v2\/media\/4500"}],"wp:attachment":[{"href":"https:\/\/galleriskart.is\/pl\/wp-json\/wp\/v2\/media?parent=4501"}],"wp:term":[{"taxonomy":"product_brand","embeddable":true,"href":"https:\/\/galleriskart.is\/pl\/wp-json\/wp\/v2\/product_brand?post=4501"},{"taxonomy":"product_cat","embeddable":true,"href":"https:\/\/galleriskart.is\/pl\/wp-json\/wp\/v2\/product_cat?post=4501"},{"taxonomy":"product_tag","embeddable":true,"href":"https:\/\/galleriskart.is\/pl\/wp-json\/wp\/v2\/product_tag?post=4501"}],"curies":[{"name":"wp","href":"https:\/\/api.w.org\/{rel}","templated":true}]}}