{"id":3673,"date":"2024-03-26T12:44:23","date_gmt":"2024-03-26T12:44:23","guid":{"rendered":"https:\/\/galleriskart.is\/?post_type=product&#038;p=3673"},"modified":"2024-03-26T12:46:32","modified_gmt":"2024-03-26T12:46:32","slug":"mystical-wisdom-card-deck","status":"publish","type":"product","link":"https:\/\/galleriskart.is\/pl\/product\/mystical-wisdom-card-deck\/","title":{"rendered":"Talia kart Mistycznej M\u0105dro\u015bci"},"content":{"rendered":"<p>Napisane przez Gaye Guthrie<\/p>\n<p>Sztuka autorstwa Josephine Wall<\/p>\n<p>Do\u0142\u0105czona jest broszura w j\u0119zyku angielskim.<\/p>","protected":false},"excerpt":{"rendered":"<p>Napisane przez Gaye Guthrie Ilustracje Josephine Wall Broszura do\u0142\u0105czona w j\u0119zyku angielskim<\/p>","protected":false},"featured_media":3737,"template":"","meta":[],"product_brand":[],"product_cat":[53],"product_tag":[],"class_list":{"0":"post-3673","1":"product","2":"type-product","3":"status-publish","4":"has-post-thumbnail","6":"product_cat-tarotspil","8":"first","9":"instock","10":"taxable","11":"shipping-taxable","12":"purchasable","13":"product-type-simple"},"_links":{"self":[{"href":"https:\/\/galleriskart.is\/pl\/wp-json\/wp\/v2\/product\/3673","targetHints":{"allow":["GET"]}}],"collection":[{"href":"https:\/\/galleriskart.is\/pl\/wp-json\/wp\/v2\/product"}],"about":[{"href":"https:\/\/galleriskart.is\/pl\/wp-json\/wp\/v2\/types\/product"}],"wp:featuredmedia":[{"embeddable":true,"href":"https:\/\/galleriskart.is\/pl\/wp-json\/wp\/v2\/media\/3737"}],"wp:attachment":[{"href":"https:\/\/galleriskart.is\/pl\/wp-json\/wp\/v2\/media?parent=3673"}],"wp:term":[{"taxonomy":"product_brand","embeddable":true,"href":"https:\/\/galleriskart.is\/pl\/wp-json\/wp\/v2\/product_brand?post=3673"},{"taxonomy":"product_cat","embeddable":true,"href":"https:\/\/galleriskart.is\/pl\/wp-json\/wp\/v2\/product_cat?post=3673"},{"taxonomy":"product_tag","embeddable":true,"href":"https:\/\/galleriskart.is\/pl\/wp-json\/wp\/v2\/product_tag?post=3673"}],"curies":[{"name":"wp","href":"https:\/\/api.w.org\/{rel}","templated":true}]}}