{"id":3595,"date":"2024-03-26T12:41:39","date_gmt":"2024-03-26T12:41:39","guid":{"rendered":"https:\/\/galleriskart.is\/?post_type=product&#038;p=3595"},"modified":"2025-01-07T15:38:06","modified_gmt":"2025-01-07T15:38:06","slug":"ekta-perlur-med-stal-kedju-og-eyrnalokkum-3","status":"publish","type":"product","link":"https:\/\/galleriskart.is\/pl\/product\/ekta-perlur-med-stal-kedju-og-eyrnalokkum-3\/","title":{"rendered":"oryginalne per\u0142y ze stalowym \u0142a\u0144cuszkiem i kolczykami"},"content":{"rendered":"","protected":false},"excerpt":{"rendered":"","protected":false},"featured_media":3652,"template":"","meta":[],"product_brand":[],"product_cat":[41,42,47,50,51],"product_tag":[],"class_list":{"0":"post-3595","1":"product","2":"type-product","3":"status-publish","4":"has-post-thumbnail","6":"product_cat-eyrnalokkar","7":"product_cat-halsmen","8":"product_cat-skartgripir","9":"product_cat-stal-eyrnalokkar","10":"product_cat-stal-halsmen","12":"first","13":"instock","14":"taxable","15":"shipping-taxable","16":"purchasable","17":"product-type-simple"},"_links":{"self":[{"href":"https:\/\/galleriskart.is\/pl\/wp-json\/wp\/v2\/product\/3595","targetHints":{"allow":["GET"]}}],"collection":[{"href":"https:\/\/galleriskart.is\/pl\/wp-json\/wp\/v2\/product"}],"about":[{"href":"https:\/\/galleriskart.is\/pl\/wp-json\/wp\/v2\/types\/product"}],"wp:featuredmedia":[{"embeddable":true,"href":"https:\/\/galleriskart.is\/pl\/wp-json\/wp\/v2\/media\/3652"}],"wp:attachment":[{"href":"https:\/\/galleriskart.is\/pl\/wp-json\/wp\/v2\/media?parent=3595"}],"wp:term":[{"taxonomy":"product_brand","embeddable":true,"href":"https:\/\/galleriskart.is\/pl\/wp-json\/wp\/v2\/product_brand?post=3595"},{"taxonomy":"product_cat","embeddable":true,"href":"https:\/\/galleriskart.is\/pl\/wp-json\/wp\/v2\/product_cat?post=3595"},{"taxonomy":"product_tag","embeddable":true,"href":"https:\/\/galleriskart.is\/pl\/wp-json\/wp\/v2\/product_tag?post=3595"}],"curies":[{"name":"wp","href":"https:\/\/api.w.org\/{rel}","templated":true}]}}