{"id":3583,"date":"2024-03-26T12:41:17","date_gmt":"2024-03-26T12:41:17","guid":{"rendered":"https:\/\/galleriskart.is\/?post_type=product&#038;p=3583"},"modified":"2025-01-07T15:37:17","modified_gmt":"2025-01-07T15:37:17","slug":"ekta-perlu-med-kedju-ur-gylltu-stali-og-eyrnalokkum","status":"publish","type":"product","link":"https:\/\/galleriskart.is\/pl\/product\/ekta-perlu-med-kedju-ur-gylltu-stali-og-eyrnalokkum\/","title":{"rendered":"Oryginalna per\u0142a ze z\u0142otym stalowym \u0142a\u0144cuszkiem i kolczykami"},"content":{"rendered":"","protected":false},"excerpt":{"rendered":"","protected":false},"featured_media":3642,"template":"","meta":[],"product_brand":[],"product_cat":[41,42,47,50,51],"product_tag":[],"class_list":{"0":"post-3583","1":"product","2":"type-product","3":"status-publish","4":"has-post-thumbnail","6":"product_cat-eyrnalokkar","7":"product_cat-halsmen","8":"product_cat-skartgripir","9":"product_cat-stal-eyrnalokkar","10":"product_cat-stal-halsmen","12":"first","13":"instock","14":"taxable","15":"shipping-taxable","16":"purchasable","17":"product-type-simple"},"_links":{"self":[{"href":"https:\/\/galleriskart.is\/pl\/wp-json\/wp\/v2\/product\/3583","targetHints":{"allow":["GET"]}}],"collection":[{"href":"https:\/\/galleriskart.is\/pl\/wp-json\/wp\/v2\/product"}],"about":[{"href":"https:\/\/galleriskart.is\/pl\/wp-json\/wp\/v2\/types\/product"}],"wp:featuredmedia":[{"embeddable":true,"href":"https:\/\/galleriskart.is\/pl\/wp-json\/wp\/v2\/media\/3642"}],"wp:attachment":[{"href":"https:\/\/galleriskart.is\/pl\/wp-json\/wp\/v2\/media?parent=3583"}],"wp:term":[{"taxonomy":"product_brand","embeddable":true,"href":"https:\/\/galleriskart.is\/pl\/wp-json\/wp\/v2\/product_brand?post=3583"},{"taxonomy":"product_cat","embeddable":true,"href":"https:\/\/galleriskart.is\/pl\/wp-json\/wp\/v2\/product_cat?post=3583"},{"taxonomy":"product_tag","embeddable":true,"href":"https:\/\/galleriskart.is\/pl\/wp-json\/wp\/v2\/product_tag?post=3583"}],"curies":[{"name":"wp","href":"https:\/\/api.w.org\/{rel}","templated":true}]}}