{"id":3581,"date":"2024-03-26T12:41:17","date_gmt":"2024-03-26T12:41:17","guid":{"rendered":"https:\/\/galleriskart.is\/?post_type=product&#038;p=3581"},"modified":"2024-12-07T16:05:50","modified_gmt":"2024-12-07T16:05:50","slug":"tilbod-sunstone-kaerleiks-hendur-gyllt","status":"publish","type":"product","link":"https:\/\/galleriskart.is\/pl\/product\/tilbod-sunstone-kaerleiks-hendur-gyllt\/","title":{"rendered":"Oferuj z\u0142ote d\u0142onie z kamienia s\u0142onecznego"},"content":{"rendered":"<p><span>Kamie\u0144 s\u0142oneczny<\/span><br \/>\n<span>Walczy ze strachem i \u201efobiami\u201d. Zdolno\u015b\u0107 zarz\u0105dzania, moc indywidualna, moc bioenergetyczna. Dobre na wzmocnienie ego. Zwi\u0119ksza p\u0142odno\u015b\u0107. M\u0119ska moc.<\/span><\/p>\n<p>Materia\u0142 stal nierdzewna hipoalergiczna<\/p>\n<p><span style=\"font-family: Roboto, sans-serif;font-size: 14px;font-style: normal;font-weight: 400;letter-spacing: normal;text-align: start;text-indent: 0px;text-transform: none;text-decoration: none;float: none\">Naszyjniki nie zawieraj\u0105 niklu&nbsp;<\/span><\/p>\n<p><span style=\"font-family: Roboto, sans-serif;font-size: 14px;font-style: normal;font-weight: 400;letter-spacing: normal;text-align: start;text-indent: 0px;text-transform: none;text-decoration: none;float: none\">I przyjd\u017a do ciebie <\/span>W<span style=\"font-family: Roboto, sans-serif;font-size: 14px;font-style: normal;font-weight: 400;letter-spacing: normal;text-align: start;text-indent: 0px;text-transform: none;text-decoration: none;float: none\"> pude\u0142ka na bi\u017cuteri\u0119 z recyklingu<\/span><\/p>\n<p>Projektant Binni<\/p>","protected":false},"excerpt":{"rendered":"<p>Kamie\u0144 S\u0142oneczny. Zwalcza l\u0119ki i \u201efobie\u201d. Umiej\u0119tno\u015bci zarz\u0105dzania, si\u0142a indywidualna, si\u0142a \u017cyciowa. Pomaga wzmocni\u0107 siebie. Wzmacnia sprawno\u015b\u0107 seksualn\u0105. M\u0119sk\u0105 si\u0142\u0119. Materia\u0142: stal nierdzewna, hipoalergiczna. Naszyjniki nie zawieraj\u0105 niklu. Dostarczane s\u0105 w pude\u0142kach na bi\u017cuteri\u0119 z recyklingu. Projektantka: Binni.<\/p>","protected":false},"featured_media":3640,"template":"","meta":[],"product_brand":[],"product_cat":[57,42,55],"product_tag":[],"class_list":{"0":"post-3581","1":"product","2":"type-product","3":"status-publish","4":"has-post-thumbnail","6":"product_cat-draumafangarar","7":"product_cat-halsmen","8":"product_cat-utsolu-og-tilbodshorn-2","10":"first","11":"instock","12":"taxable","13":"shipping-taxable","14":"purchasable","15":"product-type-simple"},"_links":{"self":[{"href":"https:\/\/galleriskart.is\/pl\/wp-json\/wp\/v2\/product\/3581","targetHints":{"allow":["GET"]}}],"collection":[{"href":"https:\/\/galleriskart.is\/pl\/wp-json\/wp\/v2\/product"}],"about":[{"href":"https:\/\/galleriskart.is\/pl\/wp-json\/wp\/v2\/types\/product"}],"wp:featuredmedia":[{"embeddable":true,"href":"https:\/\/galleriskart.is\/pl\/wp-json\/wp\/v2\/media\/3640"}],"wp:attachment":[{"href":"https:\/\/galleriskart.is\/pl\/wp-json\/wp\/v2\/media?parent=3581"}],"wp:term":[{"taxonomy":"product_brand","embeddable":true,"href":"https:\/\/galleriskart.is\/pl\/wp-json\/wp\/v2\/product_brand?post=3581"},{"taxonomy":"product_cat","embeddable":true,"href":"https:\/\/galleriskart.is\/pl\/wp-json\/wp\/v2\/product_cat?post=3581"},{"taxonomy":"product_tag","embeddable":true,"href":"https:\/\/galleriskart.is\/pl\/wp-json\/wp\/v2\/product_tag?post=3581"}],"curies":[{"name":"wp","href":"https:\/\/api.w.org\/{rel}","templated":true}]}}