{"id":3580,"date":"2024-03-26T12:41:16","date_gmt":"2024-03-26T12:41:16","guid":{"rendered":"https:\/\/galleriskart.is\/?post_type=product&#038;p=3580"},"modified":"2025-04-16T17:57:51","modified_gmt":"2025-04-16T17:57:51","slug":"aventurin-kaerleiks-hendur","status":"publish","type":"product","link":"https:\/\/galleriskart.is\/pl\/product\/aventurin-kaerleiks-hendur\/","title":{"rendered":"Awenturynowe r\u0119ce mi\u0142o\u015bci"},"content":{"rendered":"<p><span>Zielony awenturyn pochodzi z Indii i kojarzy si\u0119 ze szcz\u0119\u015bciem i dobrobytem. Jest idealny przy ustalaniu intencji dotycz\u0105cych dobrobytu i obfito\u015bci i dobrze wsp\u00f3\u0142pracuje mi\u0119dzy innymi z Cytrynem i Pirytem.&nbsp;<\/span><\/p>\n<p>Materia\u0142 stal nierdzewna hipoalergiczna<\/p>\n<p><span style=\"font-family: Roboto, sans-serif;font-size: 14px;font-style: normal;font-weight: 400;letter-spacing: normal;text-align: start;text-indent: 0px;text-transform: none;text-decoration: none;float: none\">Naszyjniki nie zawieraj\u0105 niklu&nbsp;<\/span><\/p>\n<p><span style=\"font-family: Roboto, sans-serif;font-size: 14px;font-style: normal;font-weight: 400;letter-spacing: normal;text-align: start;text-indent: 0px;text-transform: none;text-decoration: none;float: none\">I przyjd\u017a do ciebie <\/span>W<span style=\"font-family: Roboto, sans-serif;font-size: 14px;font-style: normal;font-weight: 400;letter-spacing: normal;text-align: start;text-indent: 0px;text-transform: none;text-decoration: none;float: none\"> pude\u0142ka na bi\u017cuteri\u0119 z recyklingu<\/span><\/p>\n<p>Klejnot Najlepiej zawsze taki sam<\/p>","protected":false},"excerpt":{"rendered":"<p>Zielony awenturyn pochodzi z Indii i jest kojarzony ze szcz\u0119\u015bciem i dobrobytem. Idealnie sprawdza si\u0119 w intencjach zwi\u0105zanych z dobrobytem i obfito\u015bci\u0105, a tak\u017ce dobrze komponuje si\u0119 z cytrynem i pirytem. Materia\u0142: stal nierdzewna, hipoalergiczna. Naszyjniki nie zawieraj\u0105 niklu. S\u0105 dostarczane w pude\u0142kach z recyklingu. Bi\u017cuteria jest zawsze taka sama.<\/p>","protected":false},"featured_media":3634,"template":"","meta":[],"product_brand":[],"product_cat":[57],"product_tag":[],"class_list":{"0":"post-3580","1":"product","2":"type-product","3":"status-publish","4":"has-post-thumbnail","6":"product_cat-draumafangarar","8":"first","9":"instock","10":"taxable","11":"shipping-taxable","12":"purchasable","13":"product-type-simple"},"_links":{"self":[{"href":"https:\/\/galleriskart.is\/pl\/wp-json\/wp\/v2\/product\/3580","targetHints":{"allow":["GET"]}}],"collection":[{"href":"https:\/\/galleriskart.is\/pl\/wp-json\/wp\/v2\/product"}],"about":[{"href":"https:\/\/galleriskart.is\/pl\/wp-json\/wp\/v2\/types\/product"}],"wp:featuredmedia":[{"embeddable":true,"href":"https:\/\/galleriskart.is\/pl\/wp-json\/wp\/v2\/media\/3634"}],"wp:attachment":[{"href":"https:\/\/galleriskart.is\/pl\/wp-json\/wp\/v2\/media?parent=3580"}],"wp:term":[{"taxonomy":"product_brand","embeddable":true,"href":"https:\/\/galleriskart.is\/pl\/wp-json\/wp\/v2\/product_brand?post=3580"},{"taxonomy":"product_cat","embeddable":true,"href":"https:\/\/galleriskart.is\/pl\/wp-json\/wp\/v2\/product_cat?post=3580"},{"taxonomy":"product_tag","embeddable":true,"href":"https:\/\/galleriskart.is\/pl\/wp-json\/wp\/v2\/product_tag?post=3580"}],"curies":[{"name":"wp","href":"https:\/\/api.w.org\/{rel}","templated":true}]}}