{"id":3514,"date":"2024-03-26T12:38:53","date_gmt":"2024-03-26T12:38:53","guid":{"rendered":"https:\/\/galleriskart.is\/?post_type=product&#038;p=3514"},"modified":"2024-03-26T12:40:50","modified_gmt":"2024-03-26T12:40:50","slug":"nytt-sma-galli-i-thvi-en-fallegt-sett-med-graenum-steini-og-semeliusteinum","status":"publish","type":"product","link":"https:\/\/galleriskart.is\/pl\/product\/nytt-sma-galli-i-thvi-en-fallegt-sett-med-graenum-steini-og-semeliusteinum\/","title":{"rendered":"Nowa ma\u0142a wada, ale pi\u0119kny zestaw z zielonymi kamieniami i kamieniami semelii"},"content":{"rendered":"<p>Materia\u0142 stal<\/p>\n<p>Bi\u017cuteria jest dostarczana w pude\u0142ku na bi\u017cuteri\u0119 pochodz\u0105c\u0105 z recyklingu<\/p>\n<p>Kolor kamieni jest zielony, ale nie mog\u0119 zrobi\u0107 dobrego zdj\u0119cia<\/p>","protected":false},"excerpt":{"rendered":"<p>Materia\u0142: stal Bi\u017cuteria dostarczana jest w pude\u0142ku wykonanym z recyklingu Kolor kamieni jest zielony, ale nie wida\u0107 go na dobrym zdj\u0119ciu<\/p>","protected":false},"featured_media":3568,"template":"","meta":[],"product_brand":[],"product_cat":[47,50,51,56,55],"product_tag":[],"class_list":{"0":"post-3514","1":"product","2":"type-product","3":"status-publish","4":"has-post-thumbnail","6":"product_cat-skartgripir","7":"product_cat-stal-eyrnalokkar","8":"product_cat-stal-halsmen","9":"product_cat-stal-hringir","10":"product_cat-utsolu-og-tilbodshorn-2","12":"first","13":"instock","14":"taxable","15":"shipping-taxable","16":"purchasable","17":"product-type-simple"},"_links":{"self":[{"href":"https:\/\/galleriskart.is\/pl\/wp-json\/wp\/v2\/product\/3514","targetHints":{"allow":["GET"]}}],"collection":[{"href":"https:\/\/galleriskart.is\/pl\/wp-json\/wp\/v2\/product"}],"about":[{"href":"https:\/\/galleriskart.is\/pl\/wp-json\/wp\/v2\/types\/product"}],"wp:featuredmedia":[{"embeddable":true,"href":"https:\/\/galleriskart.is\/pl\/wp-json\/wp\/v2\/media\/3568"}],"wp:attachment":[{"href":"https:\/\/galleriskart.is\/pl\/wp-json\/wp\/v2\/media?parent=3514"}],"wp:term":[{"taxonomy":"product_brand","embeddable":true,"href":"https:\/\/galleriskart.is\/pl\/wp-json\/wp\/v2\/product_brand?post=3514"},{"taxonomy":"product_cat","embeddable":true,"href":"https:\/\/galleriskart.is\/pl\/wp-json\/wp\/v2\/product_cat?post=3514"},{"taxonomy":"product_tag","embeddable":true,"href":"https:\/\/galleriskart.is\/pl\/wp-json\/wp\/v2\/product_tag?post=3514"}],"curies":[{"name":"wp","href":"https:\/\/api.w.org\/{rel}","templated":true}]}}