{"id":3400,"date":"2024-03-26T12:36:12","date_gmt":"2024-03-26T12:36:12","guid":{"rendered":"https:\/\/galleriskart.is\/?post_type=product&#038;p=3400"},"modified":"2025-01-07T14:08:56","modified_gmt":"2025-01-07T14:08:56","slug":"runa-armband-ur-stali","status":"publish","type":"product","link":"https:\/\/galleriskart.is\/pl\/product\/runa-armband-ur-stali\/","title":{"rendered":"Bransoletka z runami wykonana ze stali"},"content":{"rendered":"<p><span style=\"margin: 0px;padding: 0px;border: 0px;vertical-align: baseline;background-color: transparent;font-size: 18px\"><span style=\"margin: 0px;padding: 0px;border: 0px;vertical-align: baseline;background-color: transparent;font-style: italic\"><span style=\"margin: 0px;padding: 0px;border: 0px;vertical-align: baseline;background-color: transparent\"><\/span><\/span><\/span><\/p>\n<p>Materia\u0142 stal nierdzewna hipoalergiczna<\/p>\n<p><span style=\"font-family: Roboto, sans-serif;font-size: 14px;font-style: normal;font-weight: 400;letter-spacing: normal;text-align: start;text-indent: 0px;text-transform: none;text-decoration: none;float: none\">bi\u017cuteria to wakacje NIKKEL&nbsp;<\/span><\/p>\n<p><span style=\"font-family: Roboto, sans-serif;font-size: 14px;font-style: normal;font-weight: 400;letter-spacing: normal;text-align: start;text-indent: 0px;text-transform: none;text-decoration: none;float: none\">I przyjd\u017a do ciebie <\/span>W<span style=\"font-family: Roboto, sans-serif;font-size: 14px;font-style: normal;font-weight: 400;letter-spacing: normal;text-align: start;text-indent: 0px;text-transform: none;text-decoration: none;float: none\"> pude\u0142ka na bi\u017cuteri\u0119 z recyklingu<\/span><\/p>\n<p>Klejnot Najlepiej zawsze taki sam<\/p>","protected":false},"excerpt":{"rendered":"<p>Efni ry\u00f0fr\u00edtt ofn\u00e6mispr\u00f3fa\u00f0 st\u00e1l skartgripurinn eru NIKKEL fr\u00ed&nbsp; Og koma til \u00fe\u00edn \u00ed endurunnum skartgripa\u00f6skjum Skartgripurinn Helst alltaf eins<\/p>","protected":false},"featured_media":3466,"template":"","meta":[],"product_brand":[],"product_cat":[48,54],"product_tag":[],"class_list":{"0":"post-3400","1":"product","2":"type-product","3":"status-publish","4":"has-post-thumbnail","6":"product_cat-stal-armbond","7":"product_cat-vikinga-skart","9":"first","10":"instock","11":"taxable","12":"shipping-taxable","13":"purchasable","14":"product-type-simple"},"_links":{"self":[{"href":"https:\/\/galleriskart.is\/pl\/wp-json\/wp\/v2\/product\/3400","targetHints":{"allow":["GET"]}}],"collection":[{"href":"https:\/\/galleriskart.is\/pl\/wp-json\/wp\/v2\/product"}],"about":[{"href":"https:\/\/galleriskart.is\/pl\/wp-json\/wp\/v2\/types\/product"}],"wp:featuredmedia":[{"embeddable":true,"href":"https:\/\/galleriskart.is\/pl\/wp-json\/wp\/v2\/media\/3466"}],"wp:attachment":[{"href":"https:\/\/galleriskart.is\/pl\/wp-json\/wp\/v2\/media?parent=3400"}],"wp:term":[{"taxonomy":"product_brand","embeddable":true,"href":"https:\/\/galleriskart.is\/pl\/wp-json\/wp\/v2\/product_brand?post=3400"},{"taxonomy":"product_cat","embeddable":true,"href":"https:\/\/galleriskart.is\/pl\/wp-json\/wp\/v2\/product_cat?post=3400"},{"taxonomy":"product_tag","embeddable":true,"href":"https:\/\/galleriskart.is\/pl\/wp-json\/wp\/v2\/product_tag?post=3400"}],"curies":[{"name":"wp","href":"https:\/\/api.w.org\/{rel}","templated":true}]}}