{"id":3290,"date":"2024-03-26T12:32:13","date_gmt":"2024-03-26T12:32:13","guid":{"rendered":"https:\/\/galleriskart.is\/?post_type=product&#038;p=3290"},"modified":"2025-01-07T16:33:54","modified_gmt":"2025-01-07T16:33:54","slug":"snakur-halsmen-og-eyrnalokkar","status":"publish","type":"product","link":"https:\/\/galleriskart.is\/pl\/product\/snakur-halsmen-og-eyrnalokkar\/","title":{"rendered":"Naszyjnik i kolczyki w\u0105\u017c"},"content":{"rendered":"<p>\u0141a\u0144cuch stalowy<\/p>\n<p>Bi\u017cuteria jest dostarczana w pude\u0142ku z bi\u017cuteri\u0105 pochodz\u0105c\u0105 z recyklingu<\/p>","protected":false},"excerpt":{"rendered":"<p>St\u00e1l ke\u00f0ja Skartgripurinn kemur \u00ed endurunni skartgripa\u00f6skju<\/p>","protected":false},"featured_media":3350,"template":"","meta":[],"product_brand":[],"product_cat":[41,47,51],"product_tag":[],"class_list":{"0":"post-3290","1":"product","2":"type-product","3":"status-publish","4":"has-post-thumbnail","6":"product_cat-eyrnalokkar","7":"product_cat-skartgripir","8":"product_cat-stal-halsmen","10":"first","11":"instock","12":"taxable","13":"shipping-taxable","14":"purchasable","15":"product-type-simple"},"_links":{"self":[{"href":"https:\/\/galleriskart.is\/pl\/wp-json\/wp\/v2\/product\/3290","targetHints":{"allow":["GET"]}}],"collection":[{"href":"https:\/\/galleriskart.is\/pl\/wp-json\/wp\/v2\/product"}],"about":[{"href":"https:\/\/galleriskart.is\/pl\/wp-json\/wp\/v2\/types\/product"}],"wp:featuredmedia":[{"embeddable":true,"href":"https:\/\/galleriskart.is\/pl\/wp-json\/wp\/v2\/media\/3350"}],"wp:attachment":[{"href":"https:\/\/galleriskart.is\/pl\/wp-json\/wp\/v2\/media?parent=3290"}],"wp:term":[{"taxonomy":"product_brand","embeddable":true,"href":"https:\/\/galleriskart.is\/pl\/wp-json\/wp\/v2\/product_brand?post=3290"},{"taxonomy":"product_cat","embeddable":true,"href":"https:\/\/galleriskart.is\/pl\/wp-json\/wp\/v2\/product_cat?post=3290"},{"taxonomy":"product_tag","embeddable":true,"href":"https:\/\/galleriskart.is\/pl\/wp-json\/wp\/v2\/product_tag?post=3290"}],"curies":[{"name":"wp","href":"https:\/\/api.w.org\/{rel}","templated":true}]}}