{"id":3289,"date":"2024-03-26T12:32:13","date_gmt":"2024-03-26T12:32:13","guid":{"rendered":"https:\/\/galleriskart.is\/?post_type=product&#038;p=3289"},"modified":"2025-01-07T16:33:10","modified_gmt":"2025-01-07T16:33:10","slug":"snakar-halsmen-og-eyrnalokkar","status":"publish","type":"product","link":"https:\/\/galleriskart.is\/pl\/product\/snakar-halsmen-og-eyrnalokkar\/","title":{"rendered":"Naszyjnik i kolczyki w\u0105\u017c"},"content":{"rendered":"<p>\u0141a\u0144cuch stalowy<\/p>\n<p>Bi\u017cuteria jest pakowana w pude\u0142ka wykonane z recyklingu.<\/p>","protected":false},"excerpt":{"rendered":"<p>St\u00e1l ke\u00f0ja Skartgripurinn kemur \u00ed endurunni skartgripa\u00f6skjum<\/p>","protected":false},"featured_media":3349,"template":"","meta":[],"product_brand":[],"product_cat":[47,51],"product_tag":[],"class_list":{"0":"post-3289","1":"product","2":"type-product","3":"status-publish","4":"has-post-thumbnail","6":"product_cat-skartgripir","7":"product_cat-stal-halsmen","9":"first","10":"instock","11":"taxable","12":"shipping-taxable","13":"purchasable","14":"product-type-simple"},"_links":{"self":[{"href":"https:\/\/galleriskart.is\/pl\/wp-json\/wp\/v2\/product\/3289","targetHints":{"allow":["GET"]}}],"collection":[{"href":"https:\/\/galleriskart.is\/pl\/wp-json\/wp\/v2\/product"}],"about":[{"href":"https:\/\/galleriskart.is\/pl\/wp-json\/wp\/v2\/types\/product"}],"wp:featuredmedia":[{"embeddable":true,"href":"https:\/\/galleriskart.is\/pl\/wp-json\/wp\/v2\/media\/3349"}],"wp:attachment":[{"href":"https:\/\/galleriskart.is\/pl\/wp-json\/wp\/v2\/media?parent=3289"}],"wp:term":[{"taxonomy":"product_brand","embeddable":true,"href":"https:\/\/galleriskart.is\/pl\/wp-json\/wp\/v2\/product_brand?post=3289"},{"taxonomy":"product_cat","embeddable":true,"href":"https:\/\/galleriskart.is\/pl\/wp-json\/wp\/v2\/product_cat?post=3289"},{"taxonomy":"product_tag","embeddable":true,"href":"https:\/\/galleriskart.is\/pl\/wp-json\/wp\/v2\/product_tag?post=3289"}],"curies":[{"name":"wp","href":"https:\/\/api.w.org\/{rel}","templated":true}]}}