{"id":3206,"date":"2024-03-26T12:29:56","date_gmt":"2024-03-26T12:29:56","guid":{"rendered":"https:\/\/galleriskart.is\/?post_type=product&#038;p=3206"},"modified":"2025-04-16T18:01:03","modified_gmt":"2025-04-16T18:01:03","slug":"moonstone-hjarta-halsmen","status":"publish","type":"product","link":"https:\/\/galleriskart.is\/pl\/product\/moonstone-hjarta-halsmen\/","title":{"rendered":"Naszyjnik serce z kamienia ksi\u0119\u017cycowego"},"content":{"rendered":"<p><span>Kamie\u0144 ksi\u0119\u017cycowy<\/span><br \/>\n<span>Intuicja, ochrona, mi\u0142o\u015b\u0107, wr\u00f3\u017cenie, duchowo\u015b\u0107, ogrodnictwo, m\u0142odo\u015b\u0107 i dieta. Pomoc przy porodzie. Dzia\u0142a na \u015bledzion\u0119, uk\u0142ad limfatyczny, trzustk\u0119, w\u0119z\u0142y ch\u0142onne, \u017co\u0142\u0105dek, macic\u0119\/krwotoki, uk\u0142ad naczyniowy i uk\u0142ad rozrodczy. Przeciw niepokojowi, stresowi, braku r\u00f3wnowagi emocjonalnej. Pomoc przy problemach ze snem. Od\u017cywia i zapewnia komfort. Kobieca moc. Stacja serca.<\/span><\/p>\n<p>Materia\u0142 stal nierdzewna hipoalergiczna<\/p>\n<p><span style=\"font-family: Roboto, sans-serif;font-size: 14px;font-style: normal;font-weight: 400;letter-spacing: normal;text-align: start;text-indent: 0px;text-transform: none;text-decoration: none;float: none\">Naszyjniki nie zawieraj\u0105 niklu&nbsp;<\/span><\/p>\n<p><span style=\"font-family: Roboto, sans-serif;font-size: 14px;font-style: normal;font-weight: 400;letter-spacing: normal;text-align: start;text-indent: 0px;text-transform: none;text-decoration: none;float: none\">I przyjd\u017a do ciebie <\/span>W<span style=\"font-family: Roboto, sans-serif;font-size: 14px;font-style: normal;font-weight: 400;letter-spacing: normal;text-align: start;text-indent: 0px;text-transform: none;text-decoration: none;float: none\"> pude\u0142ka na bi\u017cuteri\u0119 z recyklingu<\/span><\/p>\n<p>Klejnot Najlepiej zawsze taki sam<\/p>","protected":false},"excerpt":{"rendered":"<p>Moonstone Inns\u00e6i, vernd, \u00e1st, sp\u00e1d\u00f3msg\u00e1fa, andleg\u00f0, gar\u00f0yrkja, \u00e6ska og megrun. Hj\u00e1lp vi\u00f0 barnsf\u00e6\u00f0ingu. Vinnur me\u00f0 milta, sog\u00e6\u00f0akerfi, briskirtil, eitla, maga, m\u00f3\u00f0url\u00edf\/bl\u00e6\u00f0ingar, \u00e6\u00f0akerfi\u00f0 og \u00e6xlunarf\u00e6rin. Gegn kv\u00ed\u00f0a, streitu, tilfinninga\u00d6legu \u00f3jafnv\u00e6gi. Hj\u00e1lp vi\u00f0 svefnerfi\u00f0leikum. N\u00e6rir og huggar. Kvenkyns kraftur. Hjartast\u00f6\u00f0. Efni ry\u00f0fr\u00edtt ofn\u00e6mispr\u00f3fa\u00f0 st\u00e1l H\u00e1lsmenin eru NIKKEL fr\u00ed&nbsp; Og koma til \u00fe\u00edn \u00ed endurunnum skartgripa\u00f6skjum Skartgripurinn Helst [&hellip;]<\/p>\n","protected":false},"featured_media":3303,"template":"","meta":[],"product_brand":[],"product_cat":[57,47,51],"product_tag":[],"class_list":{"0":"post-3206","1":"product","2":"type-product","3":"status-publish","4":"has-post-thumbnail","6":"product_cat-draumafangarar","7":"product_cat-skartgripir","8":"product_cat-stal-halsmen","10":"first","11":"outofstock","12":"taxable","13":"shipping-taxable","14":"purchasable","15":"product-type-simple"},"_links":{"self":[{"href":"https:\/\/galleriskart.is\/pl\/wp-json\/wp\/v2\/product\/3206","targetHints":{"allow":["GET"]}}],"collection":[{"href":"https:\/\/galleriskart.is\/pl\/wp-json\/wp\/v2\/product"}],"about":[{"href":"https:\/\/galleriskart.is\/pl\/wp-json\/wp\/v2\/types\/product"}],"wp:featuredmedia":[{"embeddable":true,"href":"https:\/\/galleriskart.is\/pl\/wp-json\/wp\/v2\/media\/3303"}],"wp:attachment":[{"href":"https:\/\/galleriskart.is\/pl\/wp-json\/wp\/v2\/media?parent=3206"}],"wp:term":[{"taxonomy":"product_brand","embeddable":true,"href":"https:\/\/galleriskart.is\/pl\/wp-json\/wp\/v2\/product_brand?post=3206"},{"taxonomy":"product_cat","embeddable":true,"href":"https:\/\/galleriskart.is\/pl\/wp-json\/wp\/v2\/product_cat?post=3206"},{"taxonomy":"product_tag","embeddable":true,"href":"https:\/\/galleriskart.is\/pl\/wp-json\/wp\/v2\/product_tag?post=3206"}],"curies":[{"name":"wp","href":"https:\/\/api.w.org\/{rel}","templated":true}]}}