{"id":3205,"date":"2024-03-26T12:29:56","date_gmt":"2024-03-26T12:29:56","guid":{"rendered":"https:\/\/galleriskart.is\/?post_type=product&#038;p=3205"},"modified":"2025-04-16T18:00:02","modified_gmt":"2025-04-16T18:00:02","slug":"tigrisauga-hjarta-halsmen","status":"publish","type":"product","link":"https:\/\/galleriskart.is\/pl\/product\/tigrisauga-hjarta-halsmen\/","title":{"rendered":"Naszyjnik serce tygrysie oko"},"content":{"rendered":"<p><span>Wzmacnia nasz\u0105 wiar\u0119, skupia nasz umys\u0142, zapewnia ochron\u0119, uziemienie i osobist\u0105 moc. Pomaga podejmowa\u0107 trudne decyzje, zwi\u0119ksza otwarto\u015b\u0107 umys\u0142u. Wyostrza koncentracj\u0119, zwi\u0119ksza wytrzyma\u0142o\u015b\u0107 i pomaga osobom maj\u0105cym trudno\u015bci z koncentracj\u0105.<\/span><\/p>\n<p>Materia\u0142 stal nierdzewna hipoalergiczna<\/p>\n<p><span style=\"font-family: Roboto, sans-serif;font-size: 14px;font-style: normal;font-weight: 400;letter-spacing: normal;text-align: start;text-indent: 0px;text-transform: none;text-decoration: none;float: none\">Naszyjniki nie zawieraj\u0105 niklu&nbsp;<\/span><\/p>\n<p><span style=\"font-family: Roboto, sans-serif;font-size: 14px;font-style: normal;font-weight: 400;letter-spacing: normal;text-align: start;text-indent: 0px;text-transform: none;text-decoration: none;float: none\">I przyjd\u017a do ciebie <\/span>W<span style=\"font-family: Roboto, sans-serif;font-size: 14px;font-style: normal;font-weight: 400;letter-spacing: normal;text-align: start;text-indent: 0px;text-transform: none;text-decoration: none;float: none\"> pude\u0142ka na bi\u017cuteri\u0119 z recyklingu<\/span><\/p>\n<p>Klejnot Najlepiej zawsze taki sam<\/p>","protected":false},"excerpt":{"rendered":"<p>Wzmacnia nasz\u0105 wiar\u0119, skupia umys\u0142, zapewnia ochron\u0119, uziemienie i osobist\u0105 moc. Pomaga w podejmowaniu trudnych decyzji, poszerza perspektyw\u0119. Wyostrza koncentracj\u0119, zwi\u0119ksza wytrzyma\u0142o\u015b\u0107 i podobno pomaga osobom maj\u0105cym trudno\u015bci z koncentracj\u0105. Materia\u0142: stal nierdzewna, hipoalergiczna. Naszyjniki nie zawieraj\u0105 niklu. S\u0105 dostarczane w pude\u0142kach na bi\u017cuteri\u0119 z recyklingu. Bi\u017cuteria najlepiej zawsze taka sama.<\/p>","protected":false},"featured_media":3302,"template":"","meta":[],"product_brand":[],"product_cat":[57,47,51],"product_tag":[],"class_list":{"0":"post-3205","1":"product","2":"type-product","3":"status-publish","4":"has-post-thumbnail","6":"product_cat-draumafangarar","7":"product_cat-skartgripir","8":"product_cat-stal-halsmen","10":"first","11":"outofstock","12":"taxable","13":"shipping-taxable","14":"purchasable","15":"product-type-simple"},"_links":{"self":[{"href":"https:\/\/galleriskart.is\/pl\/wp-json\/wp\/v2\/product\/3205","targetHints":{"allow":["GET"]}}],"collection":[{"href":"https:\/\/galleriskart.is\/pl\/wp-json\/wp\/v2\/product"}],"about":[{"href":"https:\/\/galleriskart.is\/pl\/wp-json\/wp\/v2\/types\/product"}],"wp:featuredmedia":[{"embeddable":true,"href":"https:\/\/galleriskart.is\/pl\/wp-json\/wp\/v2\/media\/3302"}],"wp:attachment":[{"href":"https:\/\/galleriskart.is\/pl\/wp-json\/wp\/v2\/media?parent=3205"}],"wp:term":[{"taxonomy":"product_brand","embeddable":true,"href":"https:\/\/galleriskart.is\/pl\/wp-json\/wp\/v2\/product_brand?post=3205"},{"taxonomy":"product_cat","embeddable":true,"href":"https:\/\/galleriskart.is\/pl\/wp-json\/wp\/v2\/product_cat?post=3205"},{"taxonomy":"product_tag","embeddable":true,"href":"https:\/\/galleriskart.is\/pl\/wp-json\/wp\/v2\/product_tag?post=3205"}],"curies":[{"name":"wp","href":"https:\/\/api.w.org\/{rel}","templated":true}]}}