{"id":3032,"date":"2024-03-26T12:26:01","date_gmt":"2024-03-26T12:26:01","guid":{"rendered":"https:\/\/galleriskart.is\/?post_type=product&#038;p=3032"},"modified":"2024-03-26T12:27:16","modified_gmt":"2024-03-26T12:27:16","slug":"regnboga-hringur-stal-staerd-11","status":"publish","type":"product","link":"https:\/\/galleriskart.is\/pl\/product\/regnboga-hringur-stal-staerd-11\/","title":{"rendered":"Pier\u015bcie\u0144 t\u0119czowy stalowy rozmiar 11"},"content":{"rendered":"<p>Materia\u0142 stal nierdzewna hipoalergiczna<\/p>\n<p><span style=\"font-family: Roboto, sans-serif;font-size: 14px;font-style: normal;font-weight: 400;letter-spacing: normal;text-align: start;text-indent: 0px;text-transform: none;text-decoration: none;float: none\">Bi\u017cuteria jest \u015bwi\u0105teczna NIKKEL&nbsp;<\/span><\/p>\n<p><span style=\"font-family: Roboto, sans-serif;font-size: 14px;font-style: normal;font-weight: 400;letter-spacing: normal;text-align: start;text-indent: 0px;text-transform: none;text-decoration: none;float: none\">I przyjd\u017a do ciebie <\/span>W<span style=\"font-family: Roboto, sans-serif;font-size: 14px;font-style: normal;font-weight: 400;letter-spacing: normal;text-align: start;text-indent: 0px;text-transform: none;text-decoration: none;float: none\"> pude\u0142ka na bi\u017cuteri\u0119 z recyklingu<\/span><\/p>","protected":false},"excerpt":{"rendered":"<p>Materia\u0142: stal nierdzewna, hipoalergiczna Bi\u017cuteria nie zawiera NIKLU i jest dostarczana w pude\u0142kach wykonanych z materia\u0142\u00f3w pochodz\u0105cych z recyklingu<\/p>","protected":false},"featured_media":3128,"template":"","meta":[],"product_brand":[],"product_cat":[56],"product_tag":[],"class_list":{"0":"post-3032","1":"product","2":"type-product","3":"status-publish","4":"has-post-thumbnail","6":"product_cat-stal-hringir","8":"first","9":"instock","10":"taxable","11":"shipping-taxable","12":"purchasable","13":"product-type-simple"},"_links":{"self":[{"href":"https:\/\/galleriskart.is\/pl\/wp-json\/wp\/v2\/product\/3032","targetHints":{"allow":["GET"]}}],"collection":[{"href":"https:\/\/galleriskart.is\/pl\/wp-json\/wp\/v2\/product"}],"about":[{"href":"https:\/\/galleriskart.is\/pl\/wp-json\/wp\/v2\/types\/product"}],"wp:featuredmedia":[{"embeddable":true,"href":"https:\/\/galleriskart.is\/pl\/wp-json\/wp\/v2\/media\/3128"}],"wp:attachment":[{"href":"https:\/\/galleriskart.is\/pl\/wp-json\/wp\/v2\/media?parent=3032"}],"wp:term":[{"taxonomy":"product_brand","embeddable":true,"href":"https:\/\/galleriskart.is\/pl\/wp-json\/wp\/v2\/product_brand?post=3032"},{"taxonomy":"product_cat","embeddable":true,"href":"https:\/\/galleriskart.is\/pl\/wp-json\/wp\/v2\/product_cat?post=3032"},{"taxonomy":"product_tag","embeddable":true,"href":"https:\/\/galleriskart.is\/pl\/wp-json\/wp\/v2\/product_tag?post=3032"}],"curies":[{"name":"wp","href":"https:\/\/api.w.org\/{rel}","templated":true}]}}