{"id":2840,"date":"2024-03-26T12:21:14","date_gmt":"2024-03-26T12:21:14","guid":{"rendered":"https:\/\/galleriskart.is\/?post_type=product&#038;p=2840"},"modified":"2024-12-07T16:07:21","modified_gmt":"2024-12-07T16:07:21","slug":"ofurhetja-avengers-2","status":"publish","type":"product","link":"https:\/\/galleriskart.is\/pl\/product\/ofurhetja-avengers-2\/","title":{"rendered":"M\u015bciciele superbohater\u00f3w"},"content":{"rendered":"<p>20cm wysoko\u015bci<\/p>","protected":false},"excerpt":{"rendered":"<p>20cm wysoko\u015bci<\/p>","protected":false},"featured_media":5460,"template":"","meta":[],"product_brand":[],"product_cat":[31],"product_tag":[],"class_list":{"0":"post-2840","1":"product","2":"type-product","3":"status-publish","4":"has-post-thumbnail","6":"product_cat-barnavorur","8":"first","9":"instock","10":"taxable","11":"shipping-taxable","12":"purchasable","13":"product-type-simple"},"_links":{"self":[{"href":"https:\/\/galleriskart.is\/pl\/wp-json\/wp\/v2\/product\/2840","targetHints":{"allow":["GET"]}}],"collection":[{"href":"https:\/\/galleriskart.is\/pl\/wp-json\/wp\/v2\/product"}],"about":[{"href":"https:\/\/galleriskart.is\/pl\/wp-json\/wp\/v2\/types\/product"}],"wp:featuredmedia":[{"embeddable":true,"href":"https:\/\/galleriskart.is\/pl\/wp-json\/wp\/v2\/media\/5460"}],"wp:attachment":[{"href":"https:\/\/galleriskart.is\/pl\/wp-json\/wp\/v2\/media?parent=2840"}],"wp:term":[{"taxonomy":"product_brand","embeddable":true,"href":"https:\/\/galleriskart.is\/pl\/wp-json\/wp\/v2\/product_brand?post=2840"},{"taxonomy":"product_cat","embeddable":true,"href":"https:\/\/galleriskart.is\/pl\/wp-json\/wp\/v2\/product_cat?post=2840"},{"taxonomy":"product_tag","embeddable":true,"href":"https:\/\/galleriskart.is\/pl\/wp-json\/wp\/v2\/product_tag?post=2840"}],"curies":[{"name":"wp","href":"https:\/\/api.w.org\/{rel}","templated":true}]}}