{"id":2820,"date":"2024-03-26T12:20:50","date_gmt":"2024-03-26T12:20:50","guid":{"rendered":"https:\/\/galleriskart.is\/?post_type=product&#038;p=2820"},"modified":"2024-03-26T12:23:30","modified_gmt":"2024-03-26T12:23:30","slug":"tattu-ymsar-ofurhetjur-nr-4","status":"publish","type":"product","link":"https:\/\/galleriskart.is\/pl\/product\/tattu-ymsar-ofurhetjur-nr-4\/","title":{"rendered":"Wytatuuj r\u00f3\u017cnych superbohater\u00f3w nr 4"},"content":{"rendered":"","protected":false},"excerpt":{"rendered":"","protected":false},"featured_media":2910,"template":"","meta":[],"product_brand":[],"product_cat":[31],"product_tag":[],"class_list":{"0":"post-2820","1":"product","2":"type-product","3":"status-publish","4":"has-post-thumbnail","6":"product_cat-barnavorur","8":"first","9":"outofstock","10":"taxable","11":"shipping-taxable","12":"purchasable","13":"product-type-simple"},"_links":{"self":[{"href":"https:\/\/galleriskart.is\/pl\/wp-json\/wp\/v2\/product\/2820","targetHints":{"allow":["GET"]}}],"collection":[{"href":"https:\/\/galleriskart.is\/pl\/wp-json\/wp\/v2\/product"}],"about":[{"href":"https:\/\/galleriskart.is\/pl\/wp-json\/wp\/v2\/types\/product"}],"wp:featuredmedia":[{"embeddable":true,"href":"https:\/\/galleriskart.is\/pl\/wp-json\/wp\/v2\/media\/2910"}],"wp:attachment":[{"href":"https:\/\/galleriskart.is\/pl\/wp-json\/wp\/v2\/media?parent=2820"}],"wp:term":[{"taxonomy":"product_brand","embeddable":true,"href":"https:\/\/galleriskart.is\/pl\/wp-json\/wp\/v2\/product_brand?post=2820"},{"taxonomy":"product_cat","embeddable":true,"href":"https:\/\/galleriskart.is\/pl\/wp-json\/wp\/v2\/product_cat?post=2820"},{"taxonomy":"product_tag","embeddable":true,"href":"https:\/\/galleriskart.is\/pl\/wp-json\/wp\/v2\/product_tag?post=2820"}],"curies":[{"name":"wp","href":"https:\/\/api.w.org\/{rel}","templated":true}]}}