{"id":2514,"date":"2024-03-26T12:12:51","date_gmt":"2024-03-26T12:12:51","guid":{"rendered":"https:\/\/galleriskart.is\/?post_type=product&#038;p=2514"},"modified":"2024-03-26T12:14:52","modified_gmt":"2024-03-26T12:14:52","slug":"sunstone-kaerleiks-hendur","status":"publish","type":"product","link":"https:\/\/galleriskart.is\/pl\/product\/sunstone-kaerleiks-hendur\/","title":{"rendered":"R\u0119ce mi\u0142o\u015bci z kamienia s\u0142onecznego"},"content":{"rendered":"<p><span>Kamie\u0144 s\u0142oneczny<\/span><br \/>\n<span>Walczy ze strachem i \u201efobiami\u201d. Zdolno\u015b\u0107 zarz\u0105dzania, moc indywidualna, moc bioenergetyczna. Dobre na wzmocnienie ego. Zwi\u0119ksza p\u0142odno\u015b\u0107. M\u0119ska moc.<\/span><\/p>\n<p>Kamie\u0144 naturalny<\/p>\n<p>Materia\u0142 stal nierdzewna hipoalergiczna<\/p>\n<p><span style=\"font-family: Roboto, sans-serif;font-size: 14px;font-style: normal;font-weight: 400;letter-spacing: normal;text-align: start;text-indent: 0px;text-transform: none;text-decoration: none;float: none\">Naszyjniki nie zawieraj\u0105 niklu&nbsp;<\/span><\/p>\n<p><span style=\"font-family: Roboto, sans-serif;font-size: 14px;font-style: normal;font-weight: 400;letter-spacing: normal;text-align: start;text-indent: 0px;text-transform: none;text-decoration: none;float: none\">I przyjd\u017a do ciebie <\/span>W<span style=\"font-family: Roboto, sans-serif;font-size: 14px;font-style: normal;font-weight: 400;letter-spacing: normal;text-align: start;text-indent: 0px;text-transform: none;text-decoration: none;float: none\"> pude\u0142ka na bi\u017cuteri\u0119 z recyklingu<\/span><\/p>\n<p>Klejnot Najlepiej zawsze taki sam<\/p>","protected":false},"excerpt":{"rendered":"<p>Kamie\u0144 S\u0142oneczny Zwalcza strach i \u201efobie\u201d. Zdolno\u015b\u0107 zarz\u0105dzania, moc indywidualna, moc bioenergetyczna. Dobre na wzmocnienie ego. Zwi\u0119ksza p\u0142odno\u015b\u0107. M\u0119ska moc. Kamie\u0144 naturalny Materia\u0142y stal nierdzewna hipoalergiczna Naszyjniki nie zawieraj\u0105 niklu I przychodz\u0105 do Ciebie w pude\u0142kach na bi\u017cuteri\u0119 z recyklingu Bi\u017cuteria Najlepiej zawsze taka sama<\/p>","protected":false},"featured_media":2564,"template":"","meta":[],"product_brand":[],"product_cat":[57,42,51],"product_tag":[],"class_list":{"0":"post-2514","1":"product","2":"type-product","3":"status-publish","4":"has-post-thumbnail","6":"product_cat-draumafangarar","7":"product_cat-halsmen","8":"product_cat-stal-halsmen","10":"first","11":"instock","12":"taxable","13":"shipping-taxable","14":"purchasable","15":"product-type-simple"},"_links":{"self":[{"href":"https:\/\/galleriskart.is\/pl\/wp-json\/wp\/v2\/product\/2514","targetHints":{"allow":["GET"]}}],"collection":[{"href":"https:\/\/galleriskart.is\/pl\/wp-json\/wp\/v2\/product"}],"about":[{"href":"https:\/\/galleriskart.is\/pl\/wp-json\/wp\/v2\/types\/product"}],"wp:featuredmedia":[{"embeddable":true,"href":"https:\/\/galleriskart.is\/pl\/wp-json\/wp\/v2\/media\/2564"}],"wp:attachment":[{"href":"https:\/\/galleriskart.is\/pl\/wp-json\/wp\/v2\/media?parent=2514"}],"wp:term":[{"taxonomy":"product_brand","embeddable":true,"href":"https:\/\/galleriskart.is\/pl\/wp-json\/wp\/v2\/product_brand?post=2514"},{"taxonomy":"product_cat","embeddable":true,"href":"https:\/\/galleriskart.is\/pl\/wp-json\/wp\/v2\/product_cat?post=2514"},{"taxonomy":"product_tag","embeddable":true,"href":"https:\/\/galleriskart.is\/pl\/wp-json\/wp\/v2\/product_tag?post=2514"}],"curies":[{"name":"wp","href":"https:\/\/api.w.org\/{rel}","templated":true}]}}