{"id":2482,"date":"2024-03-26T12:12:02","date_gmt":"2024-03-26T12:12:02","guid":{"rendered":"https:\/\/galleriskart.is\/?post_type=product&#038;p=2482"},"modified":"2025-12-14T15:54:19","modified_gmt":"2025-12-14T15:54:19","slug":"amethist-kaerleiks-hendur","status":"publish","type":"product","link":"https:\/\/galleriskart.is\/pl\/product\/amethist-kaerleiks-hendur\/","title":{"rendered":"Ametystowe r\u0119ce mi\u0142o\u015bci"},"content":{"rendered":"<p><span style=\"font-family\">Dzia\u0142a na stres, jest bardzo silny i ochronny. Poprawia pami\u0119\u0107 i \u0142agodzi smutek. Dobrze trzyma\u0107 na nocnym stoliku na bezsenno\u015b\u0107 i dla tych, kt\u00f3rzy s\u0105 przyt\u0142oczeni my\u015blami.<\/span><\/p>\n<p>Materia\u0142 stal nierdzewna hipoalergiczna<\/p>\n<p><span style=\"font-family: Roboto, sans-serif;font-size: 14px;font-style: normal;font-weight: 400;letter-spacing: normal;text-align: start;text-indent: 0px;text-transform: none;text-decoration: none;float: none\">Naszyjniki nie zawieraj\u0105 niklu&nbsp;<\/span><\/p>\n<p><span style=\"font-family: Roboto, sans-serif;font-size: 14px;font-style: normal;font-weight: 400;letter-spacing: normal;text-align: start;text-indent: 0px;text-transform: none;text-decoration: none;float: none\">I przyjd\u017a do ciebie <\/span>W<span style=\"font-family: Roboto, sans-serif;font-size: 14px;font-style: normal;font-weight: 400;letter-spacing: normal;text-align: start;text-indent: 0px;text-transform: none;text-decoration: none;float: none\"> pude\u0142ka na bi\u017cuteri\u0119 z recyklingu<\/span><\/p>\n<p>Klejnot Najlepiej zawsze taki sam<\/p>","protected":false},"excerpt":{"rendered":"<p>Dzia\u0142a na stres, jest bardzo silny i ochronny. Poprawia pami\u0119\u0107 i \u0142agodzi smutek. Dobrze trzyma\u0107 na nocnym stoliku na bezsenno\u015b\u0107 i dla tych, kt\u00f3rzy s\u0105 przyt\u0142oczeni my\u015blami. Materia\u0142 stal nierdzewna hipoalergiczna Naszyjniki nie zawieraj\u0105 niklu I przychodz\u0105 do Ciebie w pude\u0142kach na bi\u017cuteri\u0119 z recyklingu Bi\u017cuteria Najlepiej zawsze taka sama<\/p>","protected":false},"featured_media":2534,"template":"","meta":[],"product_brand":[],"product_cat":[57,26,51],"product_tag":[],"class_list":{"0":"post-2482","1":"product","2":"type-product","3":"status-publish","4":"has-post-thumbnail","6":"product_cat-draumafangarar","7":"product_cat-hringar","8":"product_cat-stal-halsmen","10":"first","11":"instock","12":"taxable","13":"shipping-taxable","14":"purchasable","15":"product-type-simple"},"_links":{"self":[{"href":"https:\/\/galleriskart.is\/pl\/wp-json\/wp\/v2\/product\/2482","targetHints":{"allow":["GET"]}}],"collection":[{"href":"https:\/\/galleriskart.is\/pl\/wp-json\/wp\/v2\/product"}],"about":[{"href":"https:\/\/galleriskart.is\/pl\/wp-json\/wp\/v2\/types\/product"}],"wp:featuredmedia":[{"embeddable":true,"href":"https:\/\/galleriskart.is\/pl\/wp-json\/wp\/v2\/media\/2534"}],"wp:attachment":[{"href":"https:\/\/galleriskart.is\/pl\/wp-json\/wp\/v2\/media?parent=2482"}],"wp:term":[{"taxonomy":"product_brand","embeddable":true,"href":"https:\/\/galleriskart.is\/pl\/wp-json\/wp\/v2\/product_brand?post=2482"},{"taxonomy":"product_cat","embeddable":true,"href":"https:\/\/galleriskart.is\/pl\/wp-json\/wp\/v2\/product_cat?post=2482"},{"taxonomy":"product_tag","embeddable":true,"href":"https:\/\/galleriskart.is\/pl\/wp-json\/wp\/v2\/product_tag?post=2482"}],"curies":[{"name":"wp","href":"https:\/\/api.w.org\/{rel}","templated":true}]}}