{"id":2439,"date":"2024-03-26T12:11:16","date_gmt":"2024-03-26T12:11:16","guid":{"rendered":"https:\/\/galleriskart.is\/?post_type=product&#038;p=2439"},"modified":"2025-01-07T16:36:01","modified_gmt":"2025-01-07T16:36:01","slug":"tru-von-og-kaerleikur-halsmen-gyllt","status":"publish","type":"product","link":"https:\/\/galleriskart.is\/pl\/product\/tru-von-og-kaerleikur-halsmen-gyllt\/","title":{"rendered":"Naszyjnik wiara, nadzieja i mi\u0142o\u015b\u0107 z\u0142oty"},"content":{"rendered":"<p>Nie zawiera niklu<\/p>\n<p>Bi\u017cuteria jest dostarczana w pude\u0142ku wykonanym z recyklingu.<\/p>\n<p>D\u0142ugo\u015b\u0107 \u0142a\u0144cuszka wynosi 60cm.<\/p>","protected":false},"excerpt":{"rendered":"<p>Nie zawiera niklu Bi\u017cuteria jest dostarczana w pude\u0142ku wykonanym z recyklingu \u0141a\u0144cuszek ma d\u0142ugo\u015b\u0107 60 cm<\/p>","protected":false},"featured_media":2491,"template":"","meta":[],"product_brand":[],"product_cat":[42,47,51],"product_tag":[],"class_list":{"0":"post-2439","1":"product","2":"type-product","3":"status-publish","4":"has-post-thumbnail","6":"product_cat-halsmen","7":"product_cat-skartgripir","8":"product_cat-stal-halsmen","10":"first","11":"outofstock","12":"taxable","13":"shipping-taxable","14":"purchasable","15":"product-type-simple"},"_links":{"self":[{"href":"https:\/\/galleriskart.is\/pl\/wp-json\/wp\/v2\/product\/2439","targetHints":{"allow":["GET"]}}],"collection":[{"href":"https:\/\/galleriskart.is\/pl\/wp-json\/wp\/v2\/product"}],"about":[{"href":"https:\/\/galleriskart.is\/pl\/wp-json\/wp\/v2\/types\/product"}],"wp:featuredmedia":[{"embeddable":true,"href":"https:\/\/galleriskart.is\/pl\/wp-json\/wp\/v2\/media\/2491"}],"wp:attachment":[{"href":"https:\/\/galleriskart.is\/pl\/wp-json\/wp\/v2\/media?parent=2439"}],"wp:term":[{"taxonomy":"product_brand","embeddable":true,"href":"https:\/\/galleriskart.is\/pl\/wp-json\/wp\/v2\/product_brand?post=2439"},{"taxonomy":"product_cat","embeddable":true,"href":"https:\/\/galleriskart.is\/pl\/wp-json\/wp\/v2\/product_cat?post=2439"},{"taxonomy":"product_tag","embeddable":true,"href":"https:\/\/galleriskart.is\/pl\/wp-json\/wp\/v2\/product_tag?post=2439"}],"curies":[{"name":"wp","href":"https:\/\/api.w.org\/{rel}","templated":true}]}}