{"id":2411,"date":"2024-03-26T12:10:04","date_gmt":"2024-03-26T12:10:04","guid":{"rendered":"https:\/\/galleriskart.is\/?post_type=product&#038;p=2411"},"modified":"2024-03-26T12:11:50","modified_gmt":"2024-03-26T12:11:50","slug":"hringurinn-fletta-staerd-10-gyllt-stal","status":"publish","type":"product","link":"https:\/\/galleriskart.is\/pl\/product\/hringurinn-fletta-staerd-10-gyllt-stal\/","title":{"rendered":"Oplot pier\u015bcionka w rozmiarze 10 ze stali z\u0142otej"},"content":{"rendered":"<p>Materia\u0142 stal nierdzewna hipoalergiczna<\/p>\n<p><span style=\"font-family: Roboto, sans-serif;font-size: 14px;font-style: normal;font-weight: 400;letter-spacing: normal;text-align: start;text-indent: 0px;text-transform: none;text-decoration: none;float: none\">Pier\u015bcionek nie zawiera niklu&nbsp;<\/span><\/p>\n<p><span style=\"font-family: Roboto, sans-serif;font-size: 14px;font-style: normal;font-weight: 400;letter-spacing: normal;text-align: start;text-indent: 0px;text-transform: none;text-decoration: none;float: none\">I przyjd\u017a do ciebie <\/span>W<span style=\"font-family: Roboto, sans-serif;font-size: 14px;font-style: normal;font-weight: 400;letter-spacing: normal;text-align: start;text-indent: 0px;text-transform: none;text-decoration: none;float: none\"> pude\u0142ka na bi\u017cuteri\u0119 z recyklingu<\/span><\/p>\n<p>Klejnot Najlepiej zawsze taki sam<\/p>","protected":false},"excerpt":{"rendered":"<p>Materia\u0142: stal nierdzewna, hipoalergiczna Pier\u015bcionek nie zawiera NIKLU I jest dostarczany w pude\u0142kach na bi\u017cuteri\u0119 z recyklingu Bi\u017cuteria jest zawsze taka sama<\/p>","protected":false},"featured_media":2465,"template":"","meta":[],"product_brand":[],"product_cat":[26,47,56],"product_tag":[],"class_list":{"0":"post-2411","1":"product","2":"type-product","3":"status-publish","4":"has-post-thumbnail","6":"product_cat-hringar","7":"product_cat-skartgripir","8":"product_cat-stal-hringir","10":"first","11":"instock","12":"taxable","13":"shipping-taxable","14":"purchasable","15":"product-type-simple"},"_links":{"self":[{"href":"https:\/\/galleriskart.is\/pl\/wp-json\/wp\/v2\/product\/2411","targetHints":{"allow":["GET"]}}],"collection":[{"href":"https:\/\/galleriskart.is\/pl\/wp-json\/wp\/v2\/product"}],"about":[{"href":"https:\/\/galleriskart.is\/pl\/wp-json\/wp\/v2\/types\/product"}],"wp:featuredmedia":[{"embeddable":true,"href":"https:\/\/galleriskart.is\/pl\/wp-json\/wp\/v2\/media\/2465"}],"wp:attachment":[{"href":"https:\/\/galleriskart.is\/pl\/wp-json\/wp\/v2\/media?parent=2411"}],"wp:term":[{"taxonomy":"product_brand","embeddable":true,"href":"https:\/\/galleriskart.is\/pl\/wp-json\/wp\/v2\/product_brand?post=2411"},{"taxonomy":"product_cat","embeddable":true,"href":"https:\/\/galleriskart.is\/pl\/wp-json\/wp\/v2\/product_cat?post=2411"},{"taxonomy":"product_tag","embeddable":true,"href":"https:\/\/galleriskart.is\/pl\/wp-json\/wp\/v2\/product_tag?post=2411"}],"curies":[{"name":"wp","href":"https:\/\/api.w.org\/{rel}","templated":true}]}}