{"id":2169,"date":"2024-03-26T11:59:17","date_gmt":"2024-03-26T11:59:17","guid":{"rendered":"https:\/\/galleriskart.is\/?post_type=product&#038;p=2169"},"modified":"2025-03-03T12:51:59","modified_gmt":"2025-03-03T12:51:59","slug":"rosakvars-pendull","status":"publish","type":"product","link":"https:\/\/galleriskart.is\/pl\/product\/rosakvars-pendull\/","title":{"rendered":"Wahad\u0142o z kwarcu r\u00f3\u017cowego"},"content":{"rendered":"<p>Kamie\u0144 naturalny<\/p>\n<p><span style=\"font-family\">Kwarc r\u00f3\u017cowy jest kamieniem mi\u0142o\u015bci, wzmacnia komunikacj\u0119, bezwarunkow\u0105 mi\u0142o\u015b\u0107 i ochron\u0119. Uspokaja i rozgrzewa czakr\u0119 serca oraz pomaga nam wybacza\u0107, tolerowa\u0107 i pozwala\u0107 na wi\u0119cej mi\u0142o\u015bci i uczucia w naszym \u017cyciu.<\/span><\/p>\n<p>Materia\u0142 stal nierdzewna hipoalergiczna<\/p>\n<p><span style=\"font-family: Roboto, sans-serif;font-size: 14px;font-style: normal;font-weight: 400;letter-spacing: normal;text-align: start;text-indent: 0px;text-transform: none;text-decoration: none;float: none\">Naszyjniki nie zawieraj\u0105 niklu&nbsp;<\/span><\/p>\n<p><span style=\"font-family: Roboto, sans-serif;font-size: 14px;font-style: normal;font-weight: 400;letter-spacing: normal;text-align: start;text-indent: 0px;text-transform: none;text-decoration: none;float: none\">I przyjd\u017a do ciebie <\/span>W<span style=\"font-family: Roboto, sans-serif;font-size: 14px;font-style: normal;font-weight: 400;letter-spacing: normal;text-align: start;text-indent: 0px;text-transform: none;text-decoration: none;float: none\"> pude\u0142ka na bi\u017cuteri\u0119 z recyklingu<\/span><\/p>\n<p>Klejnot Najlepiej zawsze taki sam<\/p>","protected":false},"excerpt":{"rendered":"<p>Naturalnym kamieniem Kwarc R\u00f3\u017cowy jest Kamie\u0144 Mi\u0142o\u015bci, wzmacnia komunikacj\u0119, bezwarunkow\u0105 mi\u0142o\u015b\u0107 i ochron\u0119. Uspokaja i rozgrzewa czakr\u0119 serca oraz pomaga nam wybacza\u0107, tolerowa\u0107 i pozwala\u0107 na wi\u0119cej mi\u0142o\u015bci i uczucia w naszym \u017cyciu. Materia\u0142 stal nierdzewna hipoalergiczna Naszyjniki nie zawieraj\u0105 niklu I przychodz\u0105 do Ciebie w pude\u0142kach na bi\u017cuteri\u0119 z recyklingu Bi\u017cuteria Najlepiej zawsze taka sama<\/p>","protected":false},"featured_media":2226,"template":"","meta":[],"product_brand":[],"product_cat":[57],"product_tag":[],"class_list":{"0":"post-2169","1":"product","2":"type-product","3":"status-publish","4":"has-post-thumbnail","6":"product_cat-draumafangarar","8":"first","9":"instock","10":"taxable","11":"shipping-taxable","12":"purchasable","13":"product-type-simple"},"_links":{"self":[{"href":"https:\/\/galleriskart.is\/pl\/wp-json\/wp\/v2\/product\/2169","targetHints":{"allow":["GET"]}}],"collection":[{"href":"https:\/\/galleriskart.is\/pl\/wp-json\/wp\/v2\/product"}],"about":[{"href":"https:\/\/galleriskart.is\/pl\/wp-json\/wp\/v2\/types\/product"}],"wp:featuredmedia":[{"embeddable":true,"href":"https:\/\/galleriskart.is\/pl\/wp-json\/wp\/v2\/media\/2226"}],"wp:attachment":[{"href":"https:\/\/galleriskart.is\/pl\/wp-json\/wp\/v2\/media?parent=2169"}],"wp:term":[{"taxonomy":"product_brand","embeddable":true,"href":"https:\/\/galleriskart.is\/pl\/wp-json\/wp\/v2\/product_brand?post=2169"},{"taxonomy":"product_cat","embeddable":true,"href":"https:\/\/galleriskart.is\/pl\/wp-json\/wp\/v2\/product_cat?post=2169"},{"taxonomy":"product_tag","embeddable":true,"href":"https:\/\/galleriskart.is\/pl\/wp-json\/wp\/v2\/product_tag?post=2169"}],"curies":[{"name":"wp","href":"https:\/\/api.w.org\/{rel}","templated":true}]}}