{"id":2108,"date":"2024-03-26T11:56:50","date_gmt":"2024-03-26T11:56:50","guid":{"rendered":"https:\/\/galleriskart.is\/?post_type=product&#038;p=2108"},"modified":"2026-03-14T19:39:31","modified_gmt":"2026-03-14T19:39:31","slug":"runir-25-islenskar-runir","status":"publish","type":"product","link":"https:\/\/galleriskart.is\/pl\/product\/runir-25-islenskar-runir\/","title":{"rendered":"Runy 25 islandzkich run"},"content":{"rendered":"<p>Wykonane z pere\u0142 g\u0142\u0119binowych laguny<\/p>","protected":false},"excerpt":{"rendered":"<p>Wykonane z pere\u0142 g\u0142\u0119binowych laguny<\/p>","protected":false},"featured_media":2163,"template":"","meta":[],"product_brand":[],"product_cat":[57,46,53],"product_tag":[],"class_list":{"0":"post-2108","1":"product","2":"type-product","3":"status-publish","4":"has-post-thumbnail","6":"product_cat-draumafangarar","7":"product_cat-runir","8":"product_cat-tarotspil","10":"first","11":"instock","12":"taxable","13":"shipping-taxable","14":"purchasable","15":"product-type-simple"},"_links":{"self":[{"href":"https:\/\/galleriskart.is\/pl\/wp-json\/wp\/v2\/product\/2108","targetHints":{"allow":["GET"]}}],"collection":[{"href":"https:\/\/galleriskart.is\/pl\/wp-json\/wp\/v2\/product"}],"about":[{"href":"https:\/\/galleriskart.is\/pl\/wp-json\/wp\/v2\/types\/product"}],"wp:featuredmedia":[{"embeddable":true,"href":"https:\/\/galleriskart.is\/pl\/wp-json\/wp\/v2\/media\/2163"}],"wp:attachment":[{"href":"https:\/\/galleriskart.is\/pl\/wp-json\/wp\/v2\/media?parent=2108"}],"wp:term":[{"taxonomy":"product_brand","embeddable":true,"href":"https:\/\/galleriskart.is\/pl\/wp-json\/wp\/v2\/product_brand?post=2108"},{"taxonomy":"product_cat","embeddable":true,"href":"https:\/\/galleriskart.is\/pl\/wp-json\/wp\/v2\/product_cat?post=2108"},{"taxonomy":"product_tag","embeddable":true,"href":"https:\/\/galleriskart.is\/pl\/wp-json\/wp\/v2\/product_tag?post=2108"}],"curies":[{"name":"wp","href":"https:\/\/api.w.org\/{rel}","templated":true}]}}