{"id":1929,"date":"2024-03-26T11:50:26","date_gmt":"2024-03-26T11:50:26","guid":{"rendered":"https:\/\/galleriskart.is\/?post_type=product&#038;p=1929"},"modified":"2025-12-12T23:15:23","modified_gmt":"2025-12-12T23:15:23","slug":"litill-05-1-kg-saltkristalslampi-med-hvitu-led-ljosi-med-usb-tengi","status":"publish","type":"product","link":"https:\/\/galleriskart.is\/pl\/product\/litill-05-1-kg-saltkristalslampi-med-hvitu-led-ljosi-med-usb-tengi\/","title":{"rendered":"Ma\u0142a lampa z kryszta\u0142u solnego o wadze 0,5-1 kg z bia\u0142ym \u015bwiat\u0142em LED i portem USB"},"content":{"rendered":"<p>Kryszta\u0142 soli himalajskiej sprzed 13,5 miliona lat<\/p>\n<div>\n<p style=\"line-height: normal !important;font-family: -apple-system !important;text-indent: 0px !important;margin: 0px;padding: 0px 0px 1em;border: 0px;vertical-align: baseline\">Niezwykle pi\u0119kne jak \u015bwiat\u0142o, od bia\u0142ego do ciemnego pomara\u0144czu, kt\u00f3re bardzo dobrze wp\u0142ywaj\u0105 na nasze istnienie. Wszystkie lampy z kryszta\u0142u solnego s\u0105 wyj\u0105tkowe. Nasze dobre samopoczucie zale\u017cy od r\u00f3wnowagi pomi\u0119dzy jonami dodatnimi i ujemnymi w naszym \u015brodowisku. Telewizory, komputery, dym papierosowy i niezdrowe powietrze powoduj\u0105 wzrost jon\u00f3w dodatnich. Lampy solne s\u0105 naturalnym \u017ar\u00f3d\u0142em jon\u00f3w ujemnych, kt\u00f3re r\u00f3wnowa\u017c\u0105 niezdrowe powietrze. Ciep\u0142o \u017car\u00f3wki zwi\u0119ksza efekt. Wzrost zawarto\u015bci jon\u00f3w ujemnych bardzo dobrze wp\u0142ywa na nasze zdrowie i nadaje powietrzu wi\u0119ksz\u0105 \u015bwie\u017co\u015b\u0107. Przy tej r\u00f3wnowadze w powietrzu zawieszanie si\u0119 cz\u0105stek py\u0142u ulega zmniejszeniu.<\/p>\n<p style=\"line-height: normal !important;font-family: -apple-system !important;text-indent: 0px !important;margin: 0px;padding: 0px 0px 1em;border: 0px;vertical-align: baseline\">M\u00f3wi si\u0119, \u017ce kryszta\u0142 soli przynosi korzy\u015bci astmatykom, a kopalnie s\u0105 przez nich wykorzystywane jako swego rodzaju \u201eB\u0142\u0119kitna Laguna\u201d. Schodz\u0105 na chwil\u0119 do kopalni i potem lepiej im si\u0119 oddycha.<\/p>\n<p style=\"line-height: normal !important;font-family: -apple-system !important;text-indent: 0px !important;margin: 0px;padding: 0px;border: 0px;vertical-align: baseline\">Dost\u0119pne jako lampy w wielu kszta\u0142tach i rozmiarach, jako podgrzewacze, kamienie, wszystkie posiadaj\u0105 certyfikat CE.<\/p>\n<\/div>","protected":false},"excerpt":{"rendered":"<p>13,5 millj\u00f3n \u00e1ra saltkristall fr\u00e1 Himalaya Einstaklega fallegur sem lj\u00f3s, fr\u00e1 hv\u00edtu til d\u00f6kkappels\u00ednuguls, sem hafa mj\u00f6g g\u00f3\u00f0 \u00e1hrif \u00e1 tilveru okkar. Allir saltkristal lampar eru einstakir. Velfer\u00f0 okkar treystir \u00e1 jafnv\u00e6gi milli pl\u00fas- og m\u00ednusj\u00f3na \u00ed umhverfi okkar. Sj\u00f3nv\u00f6rp, t\u00f6lvur, s\u00edgarettureykur og \u00f3heiln\u00e6mt loft valda \u00f6ll aukningu pl\u00fasj\u00f3na. Saltkristals lampar eru n\u00e1tt\u00faruleg uppspretta m\u00ednusj\u00f3na [&hellip;]<\/p>\n","protected":false},"featured_media":1984,"template":"","meta":[],"product_brand":[],"product_cat":[30],"product_tag":[],"class_list":{"0":"post-1929","1":"product","2":"type-product","3":"status-publish","4":"has-post-thumbnail","6":"product_cat-saltkristalslampar","8":"first","9":"instock","10":"taxable","11":"shipping-taxable","12":"purchasable","13":"product-type-simple"},"_links":{"self":[{"href":"https:\/\/galleriskart.is\/pl\/wp-json\/wp\/v2\/product\/1929","targetHints":{"allow":["GET"]}}],"collection":[{"href":"https:\/\/galleriskart.is\/pl\/wp-json\/wp\/v2\/product"}],"about":[{"href":"https:\/\/galleriskart.is\/pl\/wp-json\/wp\/v2\/types\/product"}],"wp:featuredmedia":[{"embeddable":true,"href":"https:\/\/galleriskart.is\/pl\/wp-json\/wp\/v2\/media\/1984"}],"wp:attachment":[{"href":"https:\/\/galleriskart.is\/pl\/wp-json\/wp\/v2\/media?parent=1929"}],"wp:term":[{"taxonomy":"product_brand","embeddable":true,"href":"https:\/\/galleriskart.is\/pl\/wp-json\/wp\/v2\/product_brand?post=1929"},{"taxonomy":"product_cat","embeddable":true,"href":"https:\/\/galleriskart.is\/pl\/wp-json\/wp\/v2\/product_cat?post=1929"},{"taxonomy":"product_tag","embeddable":true,"href":"https:\/\/galleriskart.is\/pl\/wp-json\/wp\/v2\/product_tag?post=1929"}],"curies":[{"name":"wp","href":"https:\/\/api.w.org\/{rel}","templated":true}]}}