{"id":1836,"date":"2024-03-26T11:46:14","date_gmt":"2024-03-26T11:46:14","guid":{"rendered":"https:\/\/galleriskart.is\/?post_type=product&#038;p=1836"},"modified":"2024-03-26T11:49:53","modified_gmt":"2024-03-26T11:49:53","slug":"vegvisir-hringur-st-10","status":"publish","type":"product","link":"https:\/\/galleriskart.is\/pl\/product\/vegvisir-hringur-st-10\/","title":{"rendered":"Pier\u015bcie\u0144 znaku drogowego st. 10"},"content":{"rendered":"<p>Znak drogowy<\/p>\n<p>Vegv\u00edsir to islandzka magiczna r\u00f3\u017cd\u017cka, kt\u00f3rej zadaniem jest zapobieganie wybraniu niew\u0142a\u015bciwej \u015bcie\u017cki w podr\u00f3\u017cy. Ten, kto ma przy sobie map\u0119 drogow\u0105, nie zgubi si\u0119 przy wietrze i z\u0142ej pogodzie, nawet je\u015bli podr\u00f3\u017cuje nieznanymi \u015bcie\u017ckami.<\/p>\n<p>Zakl\u0119cia mog\u0105 mie\u0107 znaczenie symboliczne inne ni\u017c ich dos\u0142owne znaczenie. Chocia\u017c rzeczywiste znaczenie odnosi si\u0119 do si\u0142 naturalnych, mog\u0105 one r\u00f3wnie\u017c mie\u0107 na celu pomoc osobie w zdobyciu duchowej si\u0142y.<\/p>\n<p>Znak drogowy jest tego przyk\u0142adem, poniewa\u017c mo\u017cna go wykorzysta\u0107 nie tylko do znalezienia w\u0142a\u015bciwej drogi przy z\u0142ej pogodzie, ale tak\u017ce do wskazania drogi, dok\u0105d zmierza umys\u0142. Drogowskaz mo\u017ce sprawi\u0107, \u017ce czynniki zewn\u0119trzne nie zwiod\u0105 ludzi i nie pozwol\u0105 im obra\u0107 w\u0142a\u015bciwego kierunku w \u017cyciu, aby osi\u0105gn\u0105\u0107 sw\u00f3j cel.<\/p>\n<p>(\u0179r\u00f3d\u0142a pochodz\u0105 z ca\u0142ej sieci WWW.)<\/p>\n<p>Materia\u0142 stal nierdzewna hipoalergiczna<\/p>\n<p><span style=\"font-family: Roboto, sans-serif;font-size: 14px;font-style: normal;font-weight: 400;letter-spacing: normal;text-align: start;text-indent: 0px;text-transform: none;text-decoration: none;float: none\">Naszyjniki nie zawieraj\u0105 niklu&nbsp;<\/span><\/p>\n<p><span style=\"font-family: Roboto, sans-serif;font-size: 14px;font-style: normal;font-weight: 400;letter-spacing: normal;text-align: start;text-indent: 0px;text-transform: none;text-decoration: none;float: none\">I przyjd\u017a do ciebie <\/span>W<span style=\"font-family: Roboto, sans-serif;font-size: 14px;font-style: normal;font-weight: 400;letter-spacing: normal;text-align: start;text-indent: 0px;text-transform: none;text-decoration: none;float: none\"> pude\u0142ka na bi\u017cuteri\u0119 z recyklingu<\/span><\/p>\n<p>Klejnot Najlepiej zawsze taki sam<\/p>","protected":false},"excerpt":{"rendered":"<p>Vegv\u00edsir Vegv\u00edsir er \u00edslenskur galdrastafur \u00e6tla\u00f0ur til a\u00f0 varna \u00fev\u00ed a\u00f0 r\u00f6ng lei\u00f0 s\u00e9 valin \u00e1 fer\u00f0alagi. S\u00e1 sem hefur vegv\u00edsinn me\u00f0fer\u00f0is mun ekki villast \u00ed roki e\u00f0a vonskuve\u00f0ri \u00fer\u00e1tt fyrir a\u00f0 hann fer\u00f0ist um \u00f3kunnar sl\u00f3\u00f0ir. Galdrastafir geta veri\u00f0 t\u00e1knr\u00e6nir \u00e1 annan h\u00e1tt en \u00ed sinni beinu merkingu. \u00de\u00f3 eiginleg merking hafi v\u00edsun \u00ed [&hellip;]<\/p>\n","protected":false},"featured_media":1916,"template":"","meta":[],"product_brand":[],"product_cat":[26,47],"product_tag":[],"class_list":{"0":"post-1836","1":"product","2":"type-product","3":"status-publish","4":"has-post-thumbnail","6":"product_cat-hringar","7":"product_cat-skartgripir","9":"first","10":"instock","11":"taxable","12":"shipping-taxable","13":"purchasable","14":"product-type-simple"},"_links":{"self":[{"href":"https:\/\/galleriskart.is\/pl\/wp-json\/wp\/v2\/product\/1836","targetHints":{"allow":["GET"]}}],"collection":[{"href":"https:\/\/galleriskart.is\/pl\/wp-json\/wp\/v2\/product"}],"about":[{"href":"https:\/\/galleriskart.is\/pl\/wp-json\/wp\/v2\/types\/product"}],"wp:featuredmedia":[{"embeddable":true,"href":"https:\/\/galleriskart.is\/pl\/wp-json\/wp\/v2\/media\/1916"}],"wp:attachment":[{"href":"https:\/\/galleriskart.is\/pl\/wp-json\/wp\/v2\/media?parent=1836"}],"wp:term":[{"taxonomy":"product_brand","embeddable":true,"href":"https:\/\/galleriskart.is\/pl\/wp-json\/wp\/v2\/product_brand?post=1836"},{"taxonomy":"product_cat","embeddable":true,"href":"https:\/\/galleriskart.is\/pl\/wp-json\/wp\/v2\/product_cat?post=1836"},{"taxonomy":"product_tag","embeddable":true,"href":"https:\/\/galleriskart.is\/pl\/wp-json\/wp\/v2\/product_tag?post=1836"}],"curies":[{"name":"wp","href":"https:\/\/api.w.org\/{rel}","templated":true}]}}