{"id":1736,"date":"2024-03-26T11:42:11","date_gmt":"2024-03-26T11:42:11","guid":{"rendered":"https:\/\/galleriskart.is\/?post_type=product&#038;p=1736"},"modified":"2024-03-26T11:44:31","modified_gmt":"2024-03-26T11:44:31","slug":"turquose-eyrnalokkar-silfur","status":"publish","type":"product","link":"https:\/\/galleriskart.is\/pl\/product\/turquose-eyrnalokkar-silfur\/","title":{"rendered":"Turkusowe kolczyki srebrne"},"content":{"rendered":"<p>Turkus \u2013 t\u00fcrk\u00ees Kamie\u0144 naturalny<\/p>\n<p><span>Nadaje si\u0119 do dawania, uwa\u017ca si\u0119, \u017ce przynosi obdarowanemu bogactwo i szcz\u0119\u015bcie. \u015awietny kamie\u0144 komunikacyjny, otwiera komunikacj\u0119 i wzmacnia wi\u0119zi. Wzmacnia, chroni i koi cia\u0142o i dusz\u0119.<\/span><\/p>","protected":false},"excerpt":{"rendered":"<p>Turkus \u2013 t\u00fcrk\u00ees Kamie\u0144 naturalny Dobry do dawania, wierzy si\u0119, \u017ce przyniesie obdarowanemu bogactwo i szcz\u0119\u015bcie. \u015awietny kamie\u0144 komunikacyjny, otwiera komunikacj\u0119 i wzmacnia wi\u0119zi. Wzmacnia, chroni i koi cia\u0142o i dusz\u0119.<\/p>","protected":false},"featured_media":1791,"template":"","meta":[],"product_brand":[],"product_cat":[41],"product_tag":[],"class_list":{"0":"post-1736","1":"product","2":"type-product","3":"status-publish","4":"has-post-thumbnail","6":"product_cat-eyrnalokkar","8":"first","9":"instock","10":"taxable","11":"shipping-taxable","12":"purchasable","13":"product-type-simple"},"_links":{"self":[{"href":"https:\/\/galleriskart.is\/pl\/wp-json\/wp\/v2\/product\/1736","targetHints":{"allow":["GET"]}}],"collection":[{"href":"https:\/\/galleriskart.is\/pl\/wp-json\/wp\/v2\/product"}],"about":[{"href":"https:\/\/galleriskart.is\/pl\/wp-json\/wp\/v2\/types\/product"}],"wp:featuredmedia":[{"embeddable":true,"href":"https:\/\/galleriskart.is\/pl\/wp-json\/wp\/v2\/media\/1791"}],"wp:attachment":[{"href":"https:\/\/galleriskart.is\/pl\/wp-json\/wp\/v2\/media?parent=1736"}],"wp:term":[{"taxonomy":"product_brand","embeddable":true,"href":"https:\/\/galleriskart.is\/pl\/wp-json\/wp\/v2\/product_brand?post=1736"},{"taxonomy":"product_cat","embeddable":true,"href":"https:\/\/galleriskart.is\/pl\/wp-json\/wp\/v2\/product_cat?post=1736"},{"taxonomy":"product_tag","embeddable":true,"href":"https:\/\/galleriskart.is\/pl\/wp-json\/wp\/v2\/product_tag?post=1736"}],"curies":[{"name":"wp","href":"https:\/\/api.w.org\/{rel}","templated":true}]}}