{"id":1734,"date":"2024-03-26T11:42:11","date_gmt":"2024-03-26T11:42:11","guid":{"rendered":"https:\/\/galleriskart.is\/?post_type=product&#038;p=1734"},"modified":"2025-01-07T13:47:49","modified_gmt":"2025-01-07T13:47:49","slug":"akkeri-med-gylltu-styri-halsmen","status":"publish","type":"product","link":"https:\/\/galleriskart.is\/pl\/product\/akkeri-med-gylltu-styri-halsmen\/","title":{"rendered":"Kotwica ze z\u0142otym naszyjnikiem na kierownic\u0119"},"content":{"rendered":"<p>Materia\u0142 stal medyczna<\/p>","protected":false},"excerpt":{"rendered":"<p>Materia\u0142 stal medyczna<\/p>","protected":false},"featured_media":1789,"template":"","meta":[],"product_brand":[],"product_cat":[47,51,54],"product_tag":[],"class_list":{"0":"post-1734","1":"product","2":"type-product","3":"status-publish","4":"has-post-thumbnail","6":"product_cat-skartgripir","7":"product_cat-stal-halsmen","8":"product_cat-vikinga-skart","10":"first","11":"outofstock","12":"taxable","13":"shipping-taxable","14":"purchasable","15":"product-type-simple"},"_links":{"self":[{"href":"https:\/\/galleriskart.is\/pl\/wp-json\/wp\/v2\/product\/1734","targetHints":{"allow":["GET"]}}],"collection":[{"href":"https:\/\/galleriskart.is\/pl\/wp-json\/wp\/v2\/product"}],"about":[{"href":"https:\/\/galleriskart.is\/pl\/wp-json\/wp\/v2\/types\/product"}],"wp:featuredmedia":[{"embeddable":true,"href":"https:\/\/galleriskart.is\/pl\/wp-json\/wp\/v2\/media\/1789"}],"wp:attachment":[{"href":"https:\/\/galleriskart.is\/pl\/wp-json\/wp\/v2\/media?parent=1734"}],"wp:term":[{"taxonomy":"product_brand","embeddable":true,"href":"https:\/\/galleriskart.is\/pl\/wp-json\/wp\/v2\/product_brand?post=1734"},{"taxonomy":"product_cat","embeddable":true,"href":"https:\/\/galleriskart.is\/pl\/wp-json\/wp\/v2\/product_cat?post=1734"},{"taxonomy":"product_tag","embeddable":true,"href":"https:\/\/galleriskart.is\/pl\/wp-json\/wp\/v2\/product_tag?post=1734"}],"curies":[{"name":"wp","href":"https:\/\/api.w.org\/{rel}","templated":true}]}}