{"id":1718,"date":"2024-03-26T11:41:22","date_gmt":"2024-03-26T11:41:22","guid":{"rendered":"https:\/\/galleriskart.is\/?post_type=product&#038;p=1718"},"modified":"2025-01-07T15:39:32","modified_gmt":"2025-01-07T15:39:32","slug":"ekta-silfur-sett-med-blaum-steini-og-semeliusteinum","status":"publish","type":"product","link":"https:\/\/galleriskart.is\/pl\/product\/ekta-silfur-sett-med-blaum-steini-og-semeliusteinum\/","title":{"rendered":"Srebrny komplet z niebieskim kamieniem i kamieniami p\u00f3\u0142szlachetnymi"},"content":{"rendered":"<p>Pier\u015bcionek pasuje ka\u017cdemu<\/p>","protected":false},"excerpt":{"rendered":"<p>Pier\u015bcionek pasuje ka\u017cdemu<\/p>","protected":false},"featured_media":1778,"template":"","meta":[],"product_brand":[],"product_cat":[47],"product_tag":[],"class_list":{"0":"post-1718","1":"product","2":"type-product","3":"status-publish","4":"has-post-thumbnail","6":"product_cat-skartgripir","8":"first","9":"outofstock","10":"taxable","11":"shipping-taxable","12":"purchasable","13":"product-type-simple"},"_links":{"self":[{"href":"https:\/\/galleriskart.is\/pl\/wp-json\/wp\/v2\/product\/1718","targetHints":{"allow":["GET"]}}],"collection":[{"href":"https:\/\/galleriskart.is\/pl\/wp-json\/wp\/v2\/product"}],"about":[{"href":"https:\/\/galleriskart.is\/pl\/wp-json\/wp\/v2\/types\/product"}],"wp:featuredmedia":[{"embeddable":true,"href":"https:\/\/galleriskart.is\/pl\/wp-json\/wp\/v2\/media\/1778"}],"wp:attachment":[{"href":"https:\/\/galleriskart.is\/pl\/wp-json\/wp\/v2\/media?parent=1718"}],"wp:term":[{"taxonomy":"product_brand","embeddable":true,"href":"https:\/\/galleriskart.is\/pl\/wp-json\/wp\/v2\/product_brand?post=1718"},{"taxonomy":"product_cat","embeddable":true,"href":"https:\/\/galleriskart.is\/pl\/wp-json\/wp\/v2\/product_cat?post=1718"},{"taxonomy":"product_tag","embeddable":true,"href":"https:\/\/galleriskart.is\/pl\/wp-json\/wp\/v2\/product_tag?post=1718"}],"curies":[{"name":"wp","href":"https:\/\/api.w.org\/{rel}","templated":true}]}}