{"id":1696,"date":"2024-03-26T11:40:34","date_gmt":"2024-03-26T11:40:34","guid":{"rendered":"https:\/\/galleriskart.is\/?post_type=product&#038;p=1696"},"modified":"2025-01-07T16:49:45","modified_gmt":"2025-01-07T16:49:45","slug":"zebra-jasper-indland-halsmen","status":"publish","type":"product","link":"https:\/\/galleriskart.is\/pl\/product\/zebra-jasper-indland-halsmen\/","title":{"rendered":"Zebra Jaspis \u2013 Naszyjnik Indie"},"content":{"rendered":"<p><span>Jaspis zebry \u2013 Indie<\/span><br \/>\n<span>\u0141\u0105czy nas z matk\u0105 Ziemi\u0105 oraz z niesko\u0144czon\u0105 energi\u0105 i mi\u0142o\u015bci\u0105 we wszech\u015bwiecie. Pokazuje nam nasz\u0105 prawdziw\u0105 natur\u0119 i przejrzy\u015bcie iluzje. Jest wyj\u0105tkowo dobry do ochrony rzeki. Pobudza energi\u0119, zwi\u0119ksza wytrzyma\u0142o\u015b\u0107. Pomaga przy chorobach ko\u015bci, osteoporozie, z\u0119bach, dzi\u0105s\u0142ach, skurczach mi\u0119\u015bni i palpitacjach serca.<\/span><\/p>","protected":false},"excerpt":{"rendered":"<p>Jaspis Zebra \u2013 Indie \u0141\u0105czy nas z Matk\u0105 Ziemi\u0105 oraz niesko\u0144czon\u0105 energi\u0105 i mi\u0142o\u015bci\u0105 we wszech\u015bwiecie. Ukazuje nam nasz\u0105 prawdziw\u0105 natur\u0119 i pozwala dostrzec iluzje. Jest wyj\u0105tkowo skuteczny w ochronie aury. Stymuluje energi\u0119, zwi\u0119ksza wytrzyma\u0142o\u015b\u0107. Pomaga w chorobach ko\u015bci, osteoporozie, problemach z z\u0119bami, dzi\u0105s\u0142ami, skurczach mi\u0119\u015bni i ko\u0142ataniu serca.<\/p>","protected":false},"featured_media":1751,"template":"","meta":[],"product_brand":[],"product_cat":[57,47],"product_tag":[],"class_list":{"0":"post-1696","1":"product","2":"type-product","3":"status-publish","4":"has-post-thumbnail","6":"product_cat-draumafangarar","7":"product_cat-skartgripir","9":"first","10":"instock","11":"taxable","12":"shipping-taxable","13":"purchasable","14":"product-type-simple"},"_links":{"self":[{"href":"https:\/\/galleriskart.is\/pl\/wp-json\/wp\/v2\/product\/1696","targetHints":{"allow":["GET"]}}],"collection":[{"href":"https:\/\/galleriskart.is\/pl\/wp-json\/wp\/v2\/product"}],"about":[{"href":"https:\/\/galleriskart.is\/pl\/wp-json\/wp\/v2\/types\/product"}],"wp:featuredmedia":[{"embeddable":true,"href":"https:\/\/galleriskart.is\/pl\/wp-json\/wp\/v2\/media\/1751"}],"wp:attachment":[{"href":"https:\/\/galleriskart.is\/pl\/wp-json\/wp\/v2\/media?parent=1696"}],"wp:term":[{"taxonomy":"product_brand","embeddable":true,"href":"https:\/\/galleriskart.is\/pl\/wp-json\/wp\/v2\/product_brand?post=1696"},{"taxonomy":"product_cat","embeddable":true,"href":"https:\/\/galleriskart.is\/pl\/wp-json\/wp\/v2\/product_cat?post=1696"},{"taxonomy":"product_tag","embeddable":true,"href":"https:\/\/galleriskart.is\/pl\/wp-json\/wp\/v2\/product_tag?post=1696"}],"curies":[{"name":"wp","href":"https:\/\/api.w.org\/{rel}","templated":true}]}}