{"id":1687,"date":"2024-03-26T11:40:14","date_gmt":"2024-03-26T11:40:14","guid":{"rendered":"https:\/\/galleriskart.is\/?post_type=product&#038;p=1687"},"modified":"2024-03-26T11:42:25","modified_gmt":"2024-03-26T11:42:25","slug":"vorunumer-87-pendull-hvitur-opal-halsmen-med-orkustodvunum","status":"publish","type":"product","link":"https:\/\/galleriskart.is\/pl\/product\/vorunumer-87-pendull-hvitur-opal-halsmen-med-orkustodvunum\/","title":{"rendered":"Numer artyku\u0142u 87. Naszyjnik z bia\u0142ym opalem i czakrami"},"content":{"rendered":"<p><span>Opal<\/span><br \/>\n<span>Podr\u00f3\u017ce astralne, duchowo\u015b\u0107, upi\u0119ksza dusz\u0119, pieni\u0105dze, szcz\u0119\u015bcie i moc. Dzia\u0142a na serce, p\u0142uca\/uk\u0142ad oddechowy i zwi\u0119ksza witalno\u015b\u0107.<\/span><\/p>\n<p>Materia\u0142 stal nierdzewna hipoalergiczna<\/p>\n<p><span style=\"font-family: Roboto, sans-serif;font-size: 14px;font-style: normal;font-weight: 400;letter-spacing: normal;text-align: start;text-indent: 0px;text-transform: none;text-decoration: none;float: none\">Naszyjniki nie zawieraj\u0105 niklu&nbsp;<\/span><\/p>\n<p><span style=\"font-family: Roboto, sans-serif;font-size: 14px;font-style: normal;font-weight: 400;letter-spacing: normal;text-align: start;text-indent: 0px;text-transform: none;text-decoration: none;float: none\">I przyjd\u017a do ciebie <\/span>W<span style=\"font-family: Roboto, sans-serif;font-size: 14px;font-style: normal;font-weight: 400;letter-spacing: normal;text-align: start;text-indent: 0px;text-transform: none;text-decoration: none;float: none\"> pude\u0142ka na bi\u017cuteri\u0119 z recyklingu<\/span><\/p>\n<p>Klejnot Najlepiej zawsze taki sam<\/p>","protected":false},"excerpt":{"rendered":"<p>Opal Podr\u00f3\u017c astralna, duchowo\u015b\u0107, upi\u0119ksza dusz\u0119, pieni\u0105dze, szcz\u0119\u015bcie i moc. Dzia\u0142a na serce, p\u0142uca\/uk\u0142ad oddechowy i zwi\u0119ksza witalno\u015b\u0107. Materia\u0142 stal nierdzewna hipoalergiczna Naszyjniki nie zawieraj\u0105 niklu I przychodz\u0105 do Ciebie w pude\u0142kach na bi\u017cuteri\u0119 z recyklingu Bi\u017cuteria Najlepiej zawsze taka sama<\/p>","protected":false},"featured_media":1741,"template":"","meta":[],"product_brand":[],"product_cat":[57,47],"product_tag":[],"class_list":{"0":"post-1687","1":"product","2":"type-product","3":"status-publish","4":"has-post-thumbnail","6":"product_cat-draumafangarar","7":"product_cat-skartgripir","9":"first","10":"instock","11":"taxable","12":"shipping-taxable","13":"purchasable","14":"product-type-simple"},"_links":{"self":[{"href":"https:\/\/galleriskart.is\/pl\/wp-json\/wp\/v2\/product\/1687","targetHints":{"allow":["GET"]}}],"collection":[{"href":"https:\/\/galleriskart.is\/pl\/wp-json\/wp\/v2\/product"}],"about":[{"href":"https:\/\/galleriskart.is\/pl\/wp-json\/wp\/v2\/types\/product"}],"wp:featuredmedia":[{"embeddable":true,"href":"https:\/\/galleriskart.is\/pl\/wp-json\/wp\/v2\/media\/1741"}],"wp:attachment":[{"href":"https:\/\/galleriskart.is\/pl\/wp-json\/wp\/v2\/media?parent=1687"}],"wp:term":[{"taxonomy":"product_brand","embeddable":true,"href":"https:\/\/galleriskart.is\/pl\/wp-json\/wp\/v2\/product_brand?post=1687"},{"taxonomy":"product_cat","embeddable":true,"href":"https:\/\/galleriskart.is\/pl\/wp-json\/wp\/v2\/product_cat?post=1687"},{"taxonomy":"product_tag","embeddable":true,"href":"https:\/\/galleriskart.is\/pl\/wp-json\/wp\/v2\/product_tag?post=1687"}],"curies":[{"name":"wp","href":"https:\/\/api.w.org\/{rel}","templated":true}]}}