{"id":1684,"date":"2024-03-26T11:40:14","date_gmt":"2024-03-26T11:40:14","guid":{"rendered":"https:\/\/galleriskart.is\/?post_type=product&#038;p=1684"},"modified":"2024-03-26T11:42:10","modified_gmt":"2024-03-26T11:42:10","slug":"vorunumer-91-pendull-malakit-malachite","status":"publish","type":"product","link":"https:\/\/galleriskart.is\/pl\/product\/vorunumer-91-pendull-malakit-malachite\/","title":{"rendered":"Numer produktu 91. Malachit wahad\u0142owy (Malachit)"},"content":{"rendered":"<p class=\"p1\">Malachit tworzy przyjemne po\u0142\u0105czenie zar\u00f3wno z o\u015brodkiem serca, jak i splotem s\u0142onecznym, co jest niezwyk\u0142ym po\u0142\u0105czeniem.<\/p>\n<p class=\"p1\">To pot\u0119\u017cny kamie\u0144, o kt\u00f3rym m\u00f3wi si\u0119, \u017ce pomaga w budowaniu szacunku do samego siebie, silnej woli oraz dotrzymywaniu zobowi\u0105za\u0144 poprzez \u017cyczliwo\u015b\u0107 i przebaczenie.<\/p>\n<p class=\"p1\">Malachit uwa\u017cany jest za jeden z najpot\u0119\u017cniejszych kamieni chroni\u0105cych przed negatywn\u0105 energi\u0105.<\/p>\n<p class=\"p2\">Wzmianki o stosowaniu malachitu znaleziono ju\u017c w 3000 r. p.n.e. w Egipcie, gdzie kruszono go na proszek i wykorzystywano jako cie\u0144 do powiek.<\/p>\n<p class=\"p1\">Nale\u017cy jednak pami\u0119ta\u0107, \u017ce malachit zawiera mied\u017a i dlatego nie zaleca si\u0119 jego picia.<\/p>\n<p>Materia\u0142 stal nierdzewna hipoalergiczna<\/p>\n<p><span style=\"font-family: Roboto, sans-serif;font-size: 14px;font-style: normal;font-weight: 400;letter-spacing: normal;text-align: start;text-indent: 0px;text-transform: none;text-decoration: none;float: none\">Naszyjniki nie zawieraj\u0105 niklu&nbsp;<\/span><\/p>\n<p><span style=\"font-family: Roboto, sans-serif;font-size: 14px;font-style: normal;font-weight: 400;letter-spacing: normal;text-align: start;text-indent: 0px;text-transform: none;text-decoration: none;float: none\">I przyjd\u017a do ciebie <\/span>W<span style=\"font-family: Roboto, sans-serif;font-size: 14px;font-style: normal;font-weight: 400;letter-spacing: normal;text-align: start;text-indent: 0px;text-transform: none;text-decoration: none;float: none\"> pude\u0142ka na bi\u017cuteri\u0119 z recyklingu<\/span><\/p>\n<p>Klejnot Najlepiej zawsze taki sam<\/p>","protected":false},"excerpt":{"rendered":"<p>Malak\u00edt (Malachite) myndar skemmtilega tengingu b\u00e6\u00f0i vi\u00f0 hjartast\u00f6\u00f0ina og s\u00f3lar plexus, sem er \u00f3venjuleg blanda. Hann er kr\u00f6ftugur steinn sem \u00e1 a\u00f0 hj\u00e1lpa til me\u00f0 sj\u00e1lfsvir\u00f0ingu, sj\u00e1lfsvilja og a\u00f0 standa vi\u00f0 skuldbindingar \u00ed formi g\u00f3\u00f0vildar og fyrirgefningar. Malak\u00edt \u00e1 a\u00f0 vera einn \u00f6flugasti steinninn \u00ed vernd gegn neikv\u00e6\u00f0ri orku. Heimildir um notkun Malak\u00edts hafa fundist [&hellip;]<\/p>\n","protected":false},"featured_media":1733,"template":"","meta":[],"product_brand":[],"product_cat":[57],"product_tag":[],"class_list":{"0":"post-1684","1":"product","2":"type-product","3":"status-publish","4":"has-post-thumbnail","6":"product_cat-draumafangarar","8":"first","9":"instock","10":"taxable","11":"shipping-taxable","12":"purchasable","13":"product-type-simple"},"_links":{"self":[{"href":"https:\/\/galleriskart.is\/pl\/wp-json\/wp\/v2\/product\/1684","targetHints":{"allow":["GET"]}}],"collection":[{"href":"https:\/\/galleriskart.is\/pl\/wp-json\/wp\/v2\/product"}],"about":[{"href":"https:\/\/galleriskart.is\/pl\/wp-json\/wp\/v2\/types\/product"}],"wp:featuredmedia":[{"embeddable":true,"href":"https:\/\/galleriskart.is\/pl\/wp-json\/wp\/v2\/media\/1733"}],"wp:attachment":[{"href":"https:\/\/galleriskart.is\/pl\/wp-json\/wp\/v2\/media?parent=1684"}],"wp:term":[{"taxonomy":"product_brand","embeddable":true,"href":"https:\/\/galleriskart.is\/pl\/wp-json\/wp\/v2\/product_brand?post=1684"},{"taxonomy":"product_cat","embeddable":true,"href":"https:\/\/galleriskart.is\/pl\/wp-json\/wp\/v2\/product_cat?post=1684"},{"taxonomy":"product_tag","embeddable":true,"href":"https:\/\/galleriskart.is\/pl\/wp-json\/wp\/v2\/product_tag?post=1684"}],"curies":[{"name":"wp","href":"https:\/\/api.w.org\/{rel}","templated":true}]}}