{"id":1652,"date":"2024-03-26T11:39:07","date_gmt":"2024-03-26T11:39:07","guid":{"rendered":"https:\/\/galleriskart.is\/?post_type=product&#038;p=1652"},"modified":"2025-01-07T16:18:15","modified_gmt":"2025-01-07T16:18:15","slug":"moonstone-halsmen","status":"publish","type":"product","link":"https:\/\/galleriskart.is\/pl\/product\/moonstone-halsmen\/","title":{"rendered":"Naszyjnik z kamieniem ksi\u0119\u017cycowym"},"content":{"rendered":"<p>Kamie\u0144 ksi\u0119\u017cycowy<br \/>\nIntuicja, ochrona, mi\u0142o\u015b\u0107, wr\u00f3\u017cenie, duchowo\u015b\u0107, ogrodnictwo, m\u0142odo\u015b\u0107 i dieta. Pomoc przy porodzie. Dzia\u0142a na \u015bledzion\u0119, uk\u0142ad limfatyczny, trzustk\u0119, w\u0119z\u0142y ch\u0142onne, \u017co\u0142\u0105dek, macic\u0119\/krwotoki, uk\u0142ad naczyniowy i uk\u0142ad rozrodczy. Przeciw niepokojowi, stresowi, braku r\u00f3wnowagi emocjonalnej. Pomoc przy problemach ze snem. Od\u017cywia i zapewnia komfort. Kobieca moc. Stacja serca.<\/p>","protected":false},"excerpt":{"rendered":"<p>Kamie\u0144 ksi\u0119\u017cycowy: Intuicja, ochrona, mi\u0142o\u015b\u0107, wr\u00f3\u017cenie, duchowo\u015b\u0107, ogrodnictwo, m\u0142odo\u015b\u0107 i dieta. Pomaga w porodzie. Dzia\u0142a na \u015bledzion\u0119, uk\u0142ad limfatyczny, trzustk\u0119, w\u0119z\u0142y ch\u0142onne, \u017co\u0142\u0105dek, macic\u0119\/krwawienie, uk\u0142ad naczyniowy i uk\u0142ad rozrodczy. Przeciwdzia\u0142a l\u0119kowi, stresowi i zaburzeniom r\u00f3wnowagi emocjonalnej. Pomaga w problemach ze snem. Od\u017cywia i pociesza. Kobieca moc. Centrum serca.<\/p>","protected":false},"featured_media":1704,"template":"","meta":[],"product_brand":[],"product_cat":[57,47],"product_tag":[],"class_list":{"0":"post-1652","1":"product","2":"type-product","3":"status-publish","4":"has-post-thumbnail","6":"product_cat-draumafangarar","7":"product_cat-skartgripir","9":"first","10":"instock","11":"taxable","12":"shipping-taxable","13":"purchasable","14":"product-type-simple"},"_links":{"self":[{"href":"https:\/\/galleriskart.is\/pl\/wp-json\/wp\/v2\/product\/1652","targetHints":{"allow":["GET"]}}],"collection":[{"href":"https:\/\/galleriskart.is\/pl\/wp-json\/wp\/v2\/product"}],"about":[{"href":"https:\/\/galleriskart.is\/pl\/wp-json\/wp\/v2\/types\/product"}],"wp:featuredmedia":[{"embeddable":true,"href":"https:\/\/galleriskart.is\/pl\/wp-json\/wp\/v2\/media\/1704"}],"wp:attachment":[{"href":"https:\/\/galleriskart.is\/pl\/wp-json\/wp\/v2\/media?parent=1652"}],"wp:term":[{"taxonomy":"product_brand","embeddable":true,"href":"https:\/\/galleriskart.is\/pl\/wp-json\/wp\/v2\/product_brand?post=1652"},{"taxonomy":"product_cat","embeddable":true,"href":"https:\/\/galleriskart.is\/pl\/wp-json\/wp\/v2\/product_cat?post=1652"},{"taxonomy":"product_tag","embeddable":true,"href":"https:\/\/galleriskart.is\/pl\/wp-json\/wp\/v2\/product_tag?post=1652"}],"curies":[{"name":"wp","href":"https:\/\/api.w.org\/{rel}","templated":true}]}}