{"id":1610,"date":"2024-03-26T11:37:32","date_gmt":"2024-03-26T11:37:32","guid":{"rendered":"https:\/\/galleriskart.is\/?post_type=product&#038;p=1610"},"modified":"2024-03-26T11:39:51","modified_gmt":"2024-03-26T11:39:51","slug":"vn-164-sunstone-halsmen","status":"publish","type":"product","link":"https:\/\/galleriskart.is\/pl\/product\/vn-164-sunstone-halsmen\/","title":{"rendered":"Naszyjnik z kamieniem s\u0142onecznym Vn 164"},"content":{"rendered":"<p><span>Kamie\u0144 s\u0142oneczny<\/span><br \/>\n<span>Walczy ze strachem i \u201efobiami\u201d. Zdolno\u015b\u0107 zarz\u0105dzania, moc indywidualna, moc bioenergetyczna. Dobre na wzmocnienie ego. Zwi\u0119ksza p\u0142odno\u015b\u0107. M\u0119ska moc.<\/span><\/p>\n<p>Kamie\u0144 naturalny<\/p>\n<p>Projektant Binni<\/p>","protected":false},"excerpt":{"rendered":"<p>Kamie\u0144 s\u0142oneczny. Zwalcza l\u0119ki i \u201cfobie\u201d. Umiej\u0119tno\u015bci zarz\u0105dzania, si\u0142a indywidualna, si\u0142a \u017cyciowa. Korzystnie wp\u0142ywa na wzmocnienie osobowo\u015bci. Wzmacnia potencj\u0119 seksualn\u0105. M\u0119ska si\u0142a. Kamie\u0144 naturalny. Projektantka Binni.<\/p>","protected":false},"featured_media":1669,"template":"","meta":[],"product_brand":[],"product_cat":[57,47],"product_tag":[],"class_list":{"0":"post-1610","1":"product","2":"type-product","3":"status-publish","4":"has-post-thumbnail","6":"product_cat-draumafangarar","7":"product_cat-skartgripir","9":"first","10":"instock","11":"taxable","12":"shipping-taxable","13":"purchasable","14":"product-type-simple"},"_links":{"self":[{"href":"https:\/\/galleriskart.is\/pl\/wp-json\/wp\/v2\/product\/1610","targetHints":{"allow":["GET"]}}],"collection":[{"href":"https:\/\/galleriskart.is\/pl\/wp-json\/wp\/v2\/product"}],"about":[{"href":"https:\/\/galleriskart.is\/pl\/wp-json\/wp\/v2\/types\/product"}],"wp:featuredmedia":[{"embeddable":true,"href":"https:\/\/galleriskart.is\/pl\/wp-json\/wp\/v2\/media\/1669"}],"wp:attachment":[{"href":"https:\/\/galleriskart.is\/pl\/wp-json\/wp\/v2\/media?parent=1610"}],"wp:term":[{"taxonomy":"product_brand","embeddable":true,"href":"https:\/\/galleriskart.is\/pl\/wp-json\/wp\/v2\/product_brand?post=1610"},{"taxonomy":"product_cat","embeddable":true,"href":"https:\/\/galleriskart.is\/pl\/wp-json\/wp\/v2\/product_cat?post=1610"},{"taxonomy":"product_tag","embeddable":true,"href":"https:\/\/galleriskart.is\/pl\/wp-json\/wp\/v2\/product_tag?post=1610"}],"curies":[{"name":"wp","href":"https:\/\/api.w.org\/{rel}","templated":true}]}}