{"id":1609,"date":"2024-03-26T11:37:32","date_gmt":"2024-03-26T11:37:32","guid":{"rendered":"https:\/\/galleriskart.is\/?post_type=product&#038;p=1609"},"modified":"2024-03-26T11:39:46","modified_gmt":"2024-03-26T11:39:46","slug":"vn-207-halsmen-rose-quartz","status":"publish","type":"product","link":"https:\/\/galleriskart.is\/pl\/product\/vn-207-halsmen-rose-quartz\/","title":{"rendered":"Vn 207. Naszyjnik kwarc r\u00f3\u017cowy"},"content":{"rendered":"<p>Kwarc r\u00f3\u017cowy<br \/>\nBezwarunkowa mi\u0142o\u015b\u0107, ochrona kobiet w ci\u0105\u017cy i w czasie porodu. Dzia\u0142a korzystnie na serce, r\u00f3wnowa\u017cy\/wzmacnia uk\u0142ad trawienny, nerki\/nadnercza. Strach, z\u0142o\u015b\u0107, trauma emocjonalna, rany\/straty emocjonalne i blokady emocjonalne. Kamie\u0144 Mi\u0142o\u015bci<br \/>\nCentrum Serca.Kamie\u0144 Naturalny<\/p>\n<p>Projektant Binni<\/p>","protected":false},"excerpt":{"rendered":"<p>Kwarc r\u00f3\u017cowy. Bezwarunkowa mi\u0142o\u015b\u0107, ochrona dla kobiet w ci\u0105\u017cy i podczas porodu. Dzia\u0142a na serce, r\u00f3wnowa\u017cy\/wzmacnia uk\u0142ad trawienny oraz nerki\/nadnercza. L\u0119k, gniew, trauma emocjonalna, rany\/straty emocjonalne i blokady emocjonalne. Centrum Serca Love Stone. Projektantka kamienia naturalnego Binni<\/p>","protected":false},"featured_media":1668,"template":"","meta":[],"product_brand":[],"product_cat":[57,47],"product_tag":[],"class_list":{"0":"post-1609","1":"product","2":"type-product","3":"status-publish","4":"has-post-thumbnail","6":"product_cat-draumafangarar","7":"product_cat-skartgripir","9":"first","10":"instock","11":"taxable","12":"shipping-taxable","13":"purchasable","14":"product-type-simple"},"_links":{"self":[{"href":"https:\/\/galleriskart.is\/pl\/wp-json\/wp\/v2\/product\/1609","targetHints":{"allow":["GET"]}}],"collection":[{"href":"https:\/\/galleriskart.is\/pl\/wp-json\/wp\/v2\/product"}],"about":[{"href":"https:\/\/galleriskart.is\/pl\/wp-json\/wp\/v2\/types\/product"}],"wp:featuredmedia":[{"embeddable":true,"href":"https:\/\/galleriskart.is\/pl\/wp-json\/wp\/v2\/media\/1668"}],"wp:attachment":[{"href":"https:\/\/galleriskart.is\/pl\/wp-json\/wp\/v2\/media?parent=1609"}],"wp:term":[{"taxonomy":"product_brand","embeddable":true,"href":"https:\/\/galleriskart.is\/pl\/wp-json\/wp\/v2\/product_brand?post=1609"},{"taxonomy":"product_cat","embeddable":true,"href":"https:\/\/galleriskart.is\/pl\/wp-json\/wp\/v2\/product_cat?post=1609"},{"taxonomy":"product_tag","embeddable":true,"href":"https:\/\/galleriskart.is\/pl\/wp-json\/wp\/v2\/product_tag?post=1609"}],"curies":[{"name":"wp","href":"https:\/\/api.w.org\/{rel}","templated":true}]}}