{"id":1608,"date":"2024-03-26T11:37:32","date_gmt":"2024-03-26T11:37:32","guid":{"rendered":"https:\/\/galleriskart.is\/?post_type=product&#038;p=1608"},"modified":"2025-04-16T18:03:06","modified_gmt":"2025-04-16T18:03:06","slug":"vn-208-halsmen-tigrisauga","status":"publish","type":"product","link":"https:\/\/galleriskart.is\/pl\/product\/vn-208-halsmen-tigrisauga\/","title":{"rendered":"Vn 208. Naszyjnik tygrysie oko"},"content":{"rendered":"<p>Kamie\u0144 naturalny<\/p>\n<p><span>Wzmacnia nasz\u0105 wiar\u0119, skupia nasz umys\u0142, zapewnia ochron\u0119, uziemienie i osobist\u0105 moc. Pomaga podejmowa\u0107 trudne decyzje, zwi\u0119ksza otwarto\u015b\u0107 umys\u0142u. Wyostrza koncentracj\u0119, zwi\u0119ksza wytrzyma\u0142o\u015b\u0107 i pomaga osobom maj\u0105cym trudno\u015bci z koncentracj\u0105.<\/span><\/p>\n<p>Projektant Binni<\/p>","protected":false},"excerpt":{"rendered":"<p>Kamie\u0144 naturalny Wzmacnia nasz\u0105 wiar\u0119, skupia nasz umys\u0142, chroni, uziemia i osobist\u0105 moc. Pomaga podejmowa\u0107 trudne decyzje, zwi\u0119ksza otwarto\u015b\u0107 umys\u0142u. Wyostrza koncentracj\u0119, zwi\u0119ksza wytrzyma\u0142o\u015b\u0107 i pomaga osobom maj\u0105cym trudno\u015bci z koncentracj\u0105. Projektant Binni<\/p>","protected":false},"featured_media":1667,"template":"","meta":[],"product_brand":[],"product_cat":[57,47],"product_tag":[],"class_list":{"0":"post-1608","1":"product","2":"type-product","3":"status-publish","4":"has-post-thumbnail","6":"product_cat-draumafangarar","7":"product_cat-skartgripir","9":"first","10":"instock","11":"taxable","12":"shipping-taxable","13":"purchasable","14":"product-type-simple"},"_links":{"self":[{"href":"https:\/\/galleriskart.is\/pl\/wp-json\/wp\/v2\/product\/1608","targetHints":{"allow":["GET"]}}],"collection":[{"href":"https:\/\/galleriskart.is\/pl\/wp-json\/wp\/v2\/product"}],"about":[{"href":"https:\/\/galleriskart.is\/pl\/wp-json\/wp\/v2\/types\/product"}],"wp:featuredmedia":[{"embeddable":true,"href":"https:\/\/galleriskart.is\/pl\/wp-json\/wp\/v2\/media\/1667"}],"wp:attachment":[{"href":"https:\/\/galleriskart.is\/pl\/wp-json\/wp\/v2\/media?parent=1608"}],"wp:term":[{"taxonomy":"product_brand","embeddable":true,"href":"https:\/\/galleriskart.is\/pl\/wp-json\/wp\/v2\/product_brand?post=1608"},{"taxonomy":"product_cat","embeddable":true,"href":"https:\/\/galleriskart.is\/pl\/wp-json\/wp\/v2\/product_cat?post=1608"},{"taxonomy":"product_tag","embeddable":true,"href":"https:\/\/galleriskart.is\/pl\/wp-json\/wp\/v2\/product_tag?post=1608"}],"curies":[{"name":"wp","href":"https:\/\/api.w.org\/{rel}","templated":true}]}}