{"id":1598,"date":"2024-03-26T11:37:07","date_gmt":"2024-03-26T11:37:07","guid":{"rendered":"https:\/\/galleriskart.is\/?post_type=product&#038;p=1598"},"modified":"2025-01-07T16:39:54","modified_gmt":"2025-01-07T16:39:54","slug":"vn-133-bergkristall-halsmen","status":"publish","type":"product","link":"https:\/\/galleriskart.is\/pl\/product\/vn-133-bergkristall-halsmen\/","title":{"rendered":"Vn 133. Naszyjnik z kryszta\u0142u g\u00f3rskiego"},"content":{"rendered":"<p><span>Czysty kwarc \u0142\u0105czy si\u0119 ze wszystkimi czakrami i pomaga wzmocni\u0107 energi\u0119 innych kryszta\u0142\u00f3w i kamieni wok\u00f3\u0142 niego. Dlatego idealnie nadaje si\u0119 do stosowania w sieci kryszta\u0142owej (grid).<\/span><\/p>\n<p>Projektant Binni<\/p>","protected":false},"excerpt":{"rendered":"<p>Przezroczysty kwarc \u0142\u0105czy si\u0119 ze wszystkimi centrami energetycznymi i pomaga wzmocni\u0107 energi\u0119 innych kryszta\u0142\u00f3w i kamieni wok\u00f3\u0142 niego. Dlatego idealnie nadaje si\u0119 do stosowania w siatkach kryszta\u0142owych. Projektant Binni<\/p>","protected":false},"featured_media":1657,"template":"","meta":[],"product_brand":[],"product_cat":[57,47],"product_tag":[],"class_list":{"0":"post-1598","1":"product","2":"type-product","3":"status-publish","4":"has-post-thumbnail","6":"product_cat-draumafangarar","7":"product_cat-skartgripir","9":"first","10":"instock","11":"taxable","12":"shipping-taxable","13":"purchasable","14":"product-type-simple"},"_links":{"self":[{"href":"https:\/\/galleriskart.is\/pl\/wp-json\/wp\/v2\/product\/1598","targetHints":{"allow":["GET"]}}],"collection":[{"href":"https:\/\/galleriskart.is\/pl\/wp-json\/wp\/v2\/product"}],"about":[{"href":"https:\/\/galleriskart.is\/pl\/wp-json\/wp\/v2\/types\/product"}],"wp:featuredmedia":[{"embeddable":true,"href":"https:\/\/galleriskart.is\/pl\/wp-json\/wp\/v2\/media\/1657"}],"wp:attachment":[{"href":"https:\/\/galleriskart.is\/pl\/wp-json\/wp\/v2\/media?parent=1598"}],"wp:term":[{"taxonomy":"product_brand","embeddable":true,"href":"https:\/\/galleriskart.is\/pl\/wp-json\/wp\/v2\/product_brand?post=1598"},{"taxonomy":"product_cat","embeddable":true,"href":"https:\/\/galleriskart.is\/pl\/wp-json\/wp\/v2\/product_cat?post=1598"},{"taxonomy":"product_tag","embeddable":true,"href":"https:\/\/galleriskart.is\/pl\/wp-json\/wp\/v2\/product_tag?post=1598"}],"curies":[{"name":"wp","href":"https:\/\/api.w.org\/{rel}","templated":true}]}}