{"id":1596,"date":"2024-03-26T11:37:07","date_gmt":"2024-03-26T11:37:07","guid":{"rendered":"https:\/\/galleriskart.is\/?post_type=product&#038;p=1596"},"modified":"2025-01-07T16:41:27","modified_gmt":"2025-01-07T16:41:27","slug":"vn-158-fallegur-tourmaline-steinn-med-litlum-turkis-stein-halsmen-med-sidri-kedju","status":"publish","type":"product","link":"https:\/\/galleriskart.is\/pl\/product\/vn-158-fallegur-tourmaline-steinn-med-litlum-turkis-stein-halsmen-med-sidri-kedju\/","title":{"rendered":"Vn 158. Pi\u0119kny turmalin z ma\u0142ym turkusowym naszyjnikiem z \u0142a\u0144cuszkiem"},"content":{"rendered":"<p><span style=\"font-family: Verdana,\">Czarny turmalin<\/span><br \/>\n<span style=\"font-family: Verdana,\">Odbija i przekszta\u0142ca negatywn\u0105 energi\u0119. Ochrona i uziemienie. Dzia\u0142a przeciwko zazdro\u015bci, strachowi, z\u0142o\u015bci i trudno\u015bciom ze snem. Wzajemne po\u0142\u0105czenie cia\u0142 energetycznych i materialnych. Zwi\u0119ksza witalno\u015b\u0107 i usuwa przeb\u0142yski energii. Wsp\u00f3\u0142pracuje z gruczo\u0142ami dokrewnymi.<\/span><\/p>\n<p><span style=\"font-family: Verdana,\">Tre\u015b\u0107 w \u0142a\u0144cuchu jest <\/span>stal medyczna<span style=\"font-family: Verdana,\"> <\/span><\/p>","protected":false},"excerpt":{"rendered":"<p>Czarny turmalin Odbija i przekszta\u0142ca negatywn\u0105 energi\u0119. Ochrona i uziemienie. Dzia\u0142a przeciwko zazdro\u015bci, strachowi, z\u0142o\u015bci i trudno\u015bciom ze snem. Wzajemne po\u0142\u0105czenie cia\u0142 energetycznych i materialnych. Zwi\u0119ksza witalno\u015b\u0107 i usuwa przeb\u0142yski energii. Wsp\u00f3\u0142pracuje z gruczo\u0142ami dokrewnymi. Materia\u0142 \u0142a\u0144cuszka to stal medyczna<\/p>","protected":false},"featured_media":1648,"template":"","meta":[],"product_brand":[],"product_cat":[57,47],"product_tag":[],"class_list":{"0":"post-1596","1":"product","2":"type-product","3":"status-publish","4":"has-post-thumbnail","6":"product_cat-draumafangarar","7":"product_cat-skartgripir","9":"first","10":"instock","11":"taxable","12":"shipping-taxable","13":"purchasable","14":"product-type-simple"},"_links":{"self":[{"href":"https:\/\/galleriskart.is\/pl\/wp-json\/wp\/v2\/product\/1596","targetHints":{"allow":["GET"]}}],"collection":[{"href":"https:\/\/galleriskart.is\/pl\/wp-json\/wp\/v2\/product"}],"about":[{"href":"https:\/\/galleriskart.is\/pl\/wp-json\/wp\/v2\/types\/product"}],"wp:featuredmedia":[{"embeddable":true,"href":"https:\/\/galleriskart.is\/pl\/wp-json\/wp\/v2\/media\/1648"}],"wp:attachment":[{"href":"https:\/\/galleriskart.is\/pl\/wp-json\/wp\/v2\/media?parent=1596"}],"wp:term":[{"taxonomy":"product_brand","embeddable":true,"href":"https:\/\/galleriskart.is\/pl\/wp-json\/wp\/v2\/product_brand?post=1596"},{"taxonomy":"product_cat","embeddable":true,"href":"https:\/\/galleriskart.is\/pl\/wp-json\/wp\/v2\/product_cat?post=1596"},{"taxonomy":"product_tag","embeddable":true,"href":"https:\/\/galleriskart.is\/pl\/wp-json\/wp\/v2\/product_tag?post=1596"}],"curies":[{"name":"wp","href":"https:\/\/api.w.org\/{rel}","templated":true}]}}